{"id":281978,"date":"2024-10-19T13:49:28","date_gmt":"2024-10-19T11:49:28","guid":{"rendered":"https:\/\/oromo.eu\/politika-privatnosti\/"},"modified":"2025-11-04T13:33:26","modified_gmt":"2025-11-04T12:33:26","slug":"politika-privatnosti","status":"publish","type":"page","link":"https:\/\/oromo.eu\/hr\/politika-privatnosti\/","title":{"rendered":"Politika privatnosti"},"content":{"rendered":"<p>[et_pb_section fb_built=&#8221;1&#8243; _builder_version=&#8221;4.27.4&#8243; _module_preset=&#8221;default&#8221; background_image=&#8221;https:\/\/oromo.eu\/wp-content\/uploads\/2024\/12\/pattern-trans.png&#8221; background_size=&#8221;contain&#8221; background_repeat=&#8221;repeat&#8221; custom_margin=&#8221;10px||0px||false|false&#8221; custom_padding=&#8221;25px||25px||true|false&#8221; global_colors_info=&#8221;{}&#8221;][et_pb_row _builder_version=&#8221;4.27.4&#8243; _module_preset=&#8221;default&#8221; global_colors_info=&#8221;{}&#8221;][et_pb_column type=&#8221;4_4&#8243; _builder_version=&#8221;4.27.4&#8243; _module_preset=&#8221;default&#8221; global_colors_info=&#8221;{}&#8221;][et_pb_post_title meta=&#8221;off&#8221; featured_image=&#8221;off&#8221; _builder_version=&#8221;4.27.4&#8243; _module_preset=&#8221;default&#8221; title_font=&#8221;&#8211;et_global_heading_font|800|||||||&#8221; title_font_size=&#8221;60px&#8221; custom_margin=&#8221;||0px||false|false&#8221; custom_padding=&#8221;||0px||false|false&#8221; title_font_size_tablet=&#8221;50px&#8221; title_font_size_phone=&#8221;40px&#8221; title_font_size_last_edited=&#8221;on|phone&#8221; locked=&#8221;off&#8221; global_colors_info=&#8221;{}&#8221;][\/et_pb_post_title][\/et_pb_column][\/et_pb_row][\/et_pb_section][et_pb_section fb_built=&#8221;1&#8243; _builder_version=&#8221;4.27.4&#8243; _module_preset=&#8221;default&#8221; global_colors_info=&#8221;{}&#8221;][et_pb_row _builder_version=&#8221;4.27.4&#8243; _module_preset=&#8221;default&#8221; global_colors_info=&#8221;{}&#8221;][et_pb_column type=&#8221;4_4&#8243; _builder_version=&#8221;4.27.4&#8243; _module_preset=&#8221;default&#8221; global_colors_info=&#8221;{}&#8221;][et_pb_text ul_type=&#8221;square&#8221; _builder_version=&#8221;4.27.4&#8243; _module_preset=&#8221;default&#8221; ul_font_size=&#8221;16px&#8221; header_2_text_color=&#8221;#3E3E3E&#8221; header_3_text_color=&#8221;#E09900&#8243; hover_enabled=&#8221;0&#8243; custom_css_free_form=&#8221;selector h2 {||  margin-bottom: 1rem;||  padding-top: 2rem;||}||||selector h2:first-child {||  padding-top: 0;||}||||selector h3 {||  margin-bottom: 0.5rem;||  padding-top: 1.5rem;||}&#8221; global_colors_info=&#8221;{}&#8221; sticky_enabled=&#8221;0&#8243;]<\/p>\n<h3>Informacije o obradi osobnih podataka<\/h3>\n<p>Politikom privatnosti Veritec holding d.o.o. iz Rijeke, Vukovarska 88, OIB: 63895123057, \u0161titi privatnost svojih klijenata i iskazuje brigu za njihove osobne podatke temeljem Uredbe (EU) 2016\/679 Europskog parlamenta i Vije\u0107a od 27. travnja 2016. o za\u0161titi pojedinaca u vezi s obradom osobnih podataka i o slobodnom kretanju takvih podataka te o stavljanju izvan snage Direktive 95\/46\/EZ (Op\u0107a uredba o za\u0161titi podataka), Zakona o provo\u0111enju Op\u0107e uredbe o za\u0161titi podataka (NN 42\/2018) te ostalih propisa koji reguliraju podru\u010dje za\u0161tite osobnih podataka. Politikom privatnosti Veritec holding d.o.o. obvezuje se obrade osobnih podataka provoditi prema na\u010delima Uredbe.<\/p>\n<p>Veritec holding d.o.o. obavezuje se pru\u017eati za\u0161titu osobnim podacima kupaca, na na\u010din da prikuplja samo nu\u017ene, osnovne podatke o kupcima\/ korisnicima koji su nu\u017eni za ispunjenje na\u0161ih obveza; informira kupce o na\u010dinu kori\u0161tenja prikupljenih podataka, redovito daje kupcima mogu\u0107nost izbora o upotrebi njihovih podataka, uklju\u010duju\u0107i mogu\u0107nost odluke \u017eele li ili ne da se njihovo ime ukloni s lista koje se koriste za marketin\u0161ke kampanje. Svi se podaci o korisnicima strogo \u010duvaju i dostupni su samo djelatnicima kojima su ti podaci nu\u017eni za obavljanje posla. Svi djelatnici Veritec holding d.o.o. i poslovni partneri odgovorni su za po\u0161tivanje na\u010dela za\u0161tite privatnosti.<\/p>\n<h3>Osobni podaci<\/h3>\n<p>Prema Uredbi, osobni podaci su svi podaci koji se odnose na pojedinca \u010diji je identitet utvr\u0111en ili se mo\u017ee utvrditi (\u201eispitanik\u201d), a pojedinac ili ispitanik kako ga zove Uredba, \u010diji se identitet mo\u017ee utvrditi jest osoba koja se mo\u017ee identificirati izravno ili neizravno.<\/p>\n<h3>Obrada<\/h3>\n<p>Prema Uredbi, obrada zna\u010di svaki postupak ili skup postupaka koji se obavljaju na osobnim podacima ili na skupovima osobnih podataka, bilo automatiziranim bilo neautomatiziranim sredstvima kao \u0161to su prikupljanje, bilje\u017eenje, organizacija, strukturiranje, pohrana, prilagodba ili izmjena, pronala\u017eenje, obavljanje uvida, uporaba, otkrivanje prijenosom, \u0161irenjem ili stavljanjem na raspolaganje na drugi na\u010din, uskla\u0111ivanje ili kombiniranje, ograni\u010davanje, brisanje ili uni\u0161tavanje.<\/p>\n<h3>Prikupljanje podataka<\/h3>\n<p>Veritec holding d.o.o. prikuplja i obra\u0111uje osobne podatke temeljem zakona, ugovora, legitimnog interesa ili provole. Podaci se prikupljaju registracijom za kori\u0161tenje web shopa te kroz dostupne web forme za primanje obavijesti (newslettera), privolama koje kupac daje u marketin\u0161ke svrhe, za potrebe optimizacije, targetiranja ili u kontaktu sa zaposlenicima Veritec holding d.o.o.<\/p>\n<p>Prikupljanje podataka nu\u017eno je za pru\u017eanje usluga web shopa, naplatu i dostavu kupljenih proizvoda te su oni prikupljeni temeljem zakona i uvjeta o kori\u0161tenju.<\/p>\n<p>Stvaranjem korisni\u010dkog ra\u010duna i upravljanjem njime prikupljaju se sljede\u0107i podaci: ime, prezime, adresa e-po\u0161te, po\u0161tanski broj, mjesto, adresa, telefonski broj.<\/p>\n<p>Informacije prikupljene prilikom stvaranja korisni\u010dkog ra\u010duna na web sjedi\u0161tu Veritec holding d.o.o. koriste se kako slijedi:<\/p>\n<ul>\n<li>ime, prezime, adresa e-po\u0161te \u2014 koristimo za identifikaciju korisnika i ponovni pristup internet trgovini;<\/li>\n<li>adresa e-po\u0161te \u2014 koristimo za kontaktiranje s Vama u slu\u010daju nedovr\u0161ene kupnje proizvoda, slanju obavijesti o dostupnosti proizvoda kojeg \u017eelite kupiti;<\/li>\n<li>ime, prezime, adresa e-po\u0161te, telefonski broj, po\u0161tanski broj, mjesto i adresa \u2014 koristimo za obradu i pra\u0107enje narud\u017ebe, uklju\u010duju\u0107i dostavu proizvoda na navedenu adresu;<\/li>\n<li>ime, prezime, adresa e-po\u0161te, telefonski broj \u2014 koristimo za upravljanje nesuglasicama u vezi kupnje.<\/li>\n<\/ul>\n<h3>Svrha i uvid<\/h3>\n<p>Osobni podaci koriste se isklju\u010divo u navedene svrhe te \u0107e u postupku obrade biti dostupni vanjskim izvr\u0161iteljima obrade. Vanjski izvr\u0161itelji su renomirane organizacije iz EU koje Veritec holding d.o.o. anga\u017eira za izvr\u0161avanje eksternaliziranih funkcija i to knjigovodstva, hostinga opreme, logistike i dostave. Pored toga, temeljem zakonskih obaveza, osobni podaci bit\u00a0\u0107e dani na uvid i predstavnicima nadle\u017enih zakonskih tijela.<\/p>\n<h3>Web kola\u010di\u0107i<\/h3>\n<p>Kola\u010di\u0107i su male tekstualne datoteke koje na\u0161 web poslu\u017eitelj postavlja na web preglednik Va\u0161eg ra\u010dunala ili mobitela u svrhu pra\u0107enja odabira pojedinih jezi\u010dnih varijanti stranica, kao i prilikom ulaska na dijelove stranice koji zahtijevaju unos korisni\u010dkog imena ili lozinke. Bilo koje upu\u0107ivanje na ili spominjanje kola\u010di\u0107a u ovoj Informaciji uklju\u010duje i druge vrste automatiziranog pristupanja ili pohrane informacija na Va\u0161em ure\u0111aju. Kola\u010di\u0107i se ne mogu koristiti za pokretanje programa ili postavljanje virusa na Va\u0161e ra\u010dunalo. Neki kola\u010di\u0107i koje na\u0161 internetski poslu\u017eitelj postavlja bri\u0161u se automatski s Va\u0161eg ra\u010dunala na kraju sesije, odnosno onog trenutka kada napustite na\u0161e stranice.<\/p>\n<p>Vi\u0161e o kola\u010di\u0107ima koje koristimo, kao i o korisni\u010dkim postavkama kola\u010di\u0107a pogledajte u dokumentu <a href=\"https:\/\/oromo.eu\/hr\/pravila-o-kolacicima\/\">Pravila o kola\u010di\u0107ima<\/a>.<\/p>\n<h3>Newsletter<\/h3>\n<p>Putem Veritec holding d.o.o. web stranice mo\u017eete se pretplatiti na na\u0161 newsletter s novostima i savjetima iz podru\u010dja digitalnog marketinga. Za to nam je potrebna Va\u0161a adresa e-po\u0161te i potvrda da prihva\u0107ate primanje newslettera.<\/p>\n<p>U svakom trenutku mo\u017eete povu\u0107i Va\u0161u privolu za primanje newslettera, putem poveznice u samom newsletteru ili putem e-maila <a href=\"mailto:gdpr@oromo.eu\">gdpr@oromo.eu<\/a>. U tom \u0107emo slu\u010daju \u010dim prije izbrisati Va\u0161e podatke u vezi dostave newslettera.<\/p>\n<h3>Prikupljanje podataka za dostavu narud\u017ebe<\/h3>\n<p>Pru\u017eanje logisti\u010dkih usluga povjereno je tvrtki Rock and Work d.o.o. iz Vara\u017edina, a obuhva\u0107a i uobi\u010dajeno se sastoji od usluga skladi\u0161tenja robe, komisioniranja, manipulacije robom, otpakiravanja robe iz transportnih pakiranja, pakiranja robe za isporuku kupcima, organiziranje dostave ili preuzimanja robe, predaje paketa kurirskim slu\u017ebama, te sve ostale usluge povezane s gore navedenima.<\/p>\n<p>Tvrtka pru\u017eatelj logisti\u010dkih usluga smije obra\u0111ivati osobne podatke jedino u skladu s dokumentiranom uputom voditelja obrade, osim ako je zakonom ure\u0111eno da u pojedinom slu\u010daju smije djelovati mimo takve upute, te je obvezna uvijek postupati sukladno GDPR-u i sklopljenom Ugovoru o obavljanju logisti\u010dkih usluga izme\u0111u voditelja obrade i izvr\u0161itelja obrade.<\/p>\n<h3>Dru\u0161tvene mre\u017ee<\/h3>\n<p>Veritec holding d.o.o. ima profil tvrtke na dru\u0161tvenim mre\u017eama Facebook, Instagram, YouTube i TikTok. Ukoliko koristiti navedene dru\u0161tvene mre\u017ee, molimo Vas da pro\u010ditate politiku privatnosti dru\u0161tvene mre\u017ee kojoj pristupate i vodite ra\u010duna o svrsi i opsegu prikupljanja podataka, daljnjoj obradi i kori\u0161tenju podataka od strane pojedine dru\u0161tvene mre\u017ee, kao i o va\u0161im povezanim pravima i opcijama postavki za za\u0161titu Va\u0161e privatnosti. Veritec holding d.o.o. i na dru\u0161tvenim mre\u017eama primjenjuje jednaka pravila o obradi osobnih podataka kao i na web stranici.<\/p>\n<h3>\u010cuvanje i za\u0161tita podataka<\/h3>\n<p>Osobni podaci bit\u00a0\u0107e pohranjeni, obra\u0111ivani i obrisani u zakonskim ili zadanim rokovima.<\/p>\n<p>Veritec holding d.o.o. primjenjuje odgovaraju\u0107e tehni\u010dke i organizacijske mjere za\u0161tite osobnih podataka. Uvijek dajemo sve od sebe da bismo za\u0161titili Va\u0161e osobne podatke te, nakon \u0161to ih primimo, strogim procedurama i sigurnosnim zna\u010dajkama trudimo se postupati sukladno najboljim praksama te tako sprije\u010diti neovla\u0161teni pristup Va\u0161im podacima.<\/p>\n<p>Skladno Op\u0107oj uredbi o za\u0161titi podataka, Veritec holding d.o.o. ne dozvoljava registraciju niti druge usluge informacijskog dru\u0161tva osobama mla\u0111ima nego \u0161to je propisano Op\u0107om uredbom, odnosno Zakonom o primjeni Op\u0107e uredbe za pojedinu dr\u017eavu.<\/p>\n<h3>Prava ispitanika<\/h3>\n<p>Ispitanici imaju pravo na informaciju, ispravak osobnih podataka, njihovo brisanje te povla\u010denje privole.<\/p>\n<p>Informacija, ispravak, brisanje\u00a0\u2013 kako biste ostvarili svoje pravo na informaciju, ispravak neto\u010dnih podataka ili njihovo brisanje, molimo javite se na <a href=\"mailto:gdpr@oromo.eu\">gdpr@oromo.eu<\/a>. Va\u0161 zahtjev bit\u00a0\u0107e rije\u0161en u najkra\u0107em mogu\u0107em roku.<\/p>\n<p>Ispravak\u00a0\u2013 kako bi ste promijenili neto\u010dan podatak, ulogirajte se va\u0161im korisni\u010dkim ra\u010dunom i sami izvr\u0161ite potrebne promjene.<\/p>\n<p>Brisanje\u00a0\u2013 kako bi ste zatra\u017eili brisanje svojih osobnih podataka, molimo javite se na <a href=\"mailto:gdpr@oromo.eu\">gdpr@oromo.eu<\/a>. Napominjemo da iako ste zatra\u017eili brisanje, obrisat\u00a0\u0107emo samo podatke koje ne moramo \u010duvati temeljem ugovorne i zakonske obaveze. Va\u0161 zahtjev bit\u00a0\u0107e rije\u0161en u najkra\u0107em mogu\u0107em roku.<\/p>\n<p>Eksport podataka u standardnom formatu\u00a0\u2013 po zahtjevu ispitanika mi \u0107emo u najkra\u0107em roku sve va\u0161e osobne podatke koje pohranjujemo eksportirati u .xml format te ih isporu\u010diti klijentu. Zahtjev poslati na <a href=\"mailto:gdpr@oromo.eu\">gdpr@oromo.eu<\/a>.<\/p>\n<p>Povla\u010denje privole\u00a0\u2013 ako vi\u0161e ne \u017eelite primati na\u0161 newsletter, dovoljno je na dnu newslettera kliknuti na Unsubscribe ili nam poslati email da Vam mi otka\u017eemo pretplatu.<\/p>\n<h3>Rje\u0161avanje nesporazuma ili dodatna pitanja<\/h3>\n<p>Kako bi ste rije\u0161ili mogu\u0107e nesporazume ili postavili dodatna pitanja, molimo koristite<a href=\"mailto:gdpr@oromo.eu\">gdpr@oromo.eu<\/a>.<\/p>\n<h3>Kontakt<\/h3>\n<p>Za sva dodatna pitanja mo\u017eete nas kontaktirati na:<\/p>\n<p><strong>VERITEC HOLDING d.o.o.<\/strong><br \/>Vukovarska 88, 51000 Rijeka, Hrvatska<br \/>OIB: 63895123057<br \/>Telefon: +385 98 216 200<br \/>e-mail: <a href=\"mailto:gdpr@oromo.eu\">gdpr@oromo.eu<\/a><\/p>\n<p>[\/et_pb_text][\/et_pb_column][\/et_pb_row][\/et_pb_section]<\/p>\n","protected":false},"excerpt":{"rendered":"<p>Informacije o obradi osobnih podataka Politikom privatnosti Veritec holding d.o.o. iz Rijeke, Vukovarska 88, OIB: 63895123057, \u0161titi privatnost svojih klijenata i iskazuje brigu za njihove osobne podatke temeljem Uredbe (EU) 2016\/679 Europskog parlamenta i Vije\u0107a od 27. travnja 2016. o za\u0161titi pojedinaca u vezi s obradom osobnih podataka i o slobodnom kretanju takvih podataka te [&hellip;]<\/p>\n","protected":false},"author":1,"featured_media":0,"parent":0,"menu_order":0,"comment_status":"closed","ping_status":"closed","template":"","meta":{"_et_pb_use_builder":"on","_et_pb_old_content":"","_et_gb_content_width":"","footnotes":""},"class_list":["post-281978","page","type-page","status-publish","hentry"],"_links":{"self":[{"href":"https:\/\/oromo.eu\/hr\/wp-json\/wp\/v2\/pages\/281978","targetHints":{"allow":["GET"]}}],"collection":[{"href":"https:\/\/oromo.eu\/hr\/wp-json\/wp\/v2\/pages"}],"about":[{"href":"https:\/\/oromo.eu\/hr\/wp-json\/wp\/v2\/types\/page"}],"author":[{"embeddable":true,"href":"https:\/\/oromo.eu\/hr\/wp-json\/wp\/v2\/users\/1"}],"replies":[{"embeddable":true,"href":"https:\/\/oromo.eu\/hr\/wp-json\/wp\/v2\/comments?post=281978"}],"version-history":[{"count":3,"href":"https:\/\/oromo.eu\/hr\/wp-json\/wp\/v2\/pages\/281978\/revisions"}],"predecessor-version":[{"id":282135,"href":"https:\/\/oromo.eu\/hr\/wp-json\/wp\/v2\/pages\/281978\/revisions\/282135"}],"wp:attachment":[{"href":"https:\/\/oromo.eu\/hr\/wp-json\/wp\/v2\/media?parent=281978"}],"curies":[{"name":"wp","href":"https:\/\/api.w.org\/{rel}","templated":true}]}}