{"id":281980,"date":"2025-10-01T21:14:10","date_gmt":"2025-10-01T19:14:10","guid":{"rendered":"https:\/\/oromo.eu\/pravila-o-kolacicima\/"},"modified":"2025-12-11T09:21:07","modified_gmt":"2025-12-11T08:21:07","slug":"pravila-o-kolacicima","status":"publish","type":"page","link":"https:\/\/oromo.eu\/hr\/pravila-o-kolacicima\/","title":{"rendered":"Pravila o kola\u010di\u0107ima"},"content":{"rendered":"<p>[et_pb_section fb_built=&#8221;1&#8243; _builder_version=&#8221;4.27.4&#8243; _module_preset=&#8221;default&#8221; background_image=&#8221;https:\/\/oromo.eu\/wp-content\/uploads\/2024\/12\/pattern-trans.png&#8221; background_size=&#8221;contain&#8221; background_repeat=&#8221;repeat&#8221; custom_margin=&#8221;10px||0px||false|false&#8221; custom_padding=&#8221;25px||25px||true|false&#8221; global_colors_info=&#8221;{}&#8221;][et_pb_row _builder_version=&#8221;4.27.4&#8243; _module_preset=&#8221;default&#8221; global_colors_info=&#8221;{}&#8221;][et_pb_column type=&#8221;4_4&#8243; _builder_version=&#8221;4.27.4&#8243; _module_preset=&#8221;default&#8221; global_colors_info=&#8221;{}&#8221;][et_pb_post_title meta=&#8221;off&#8221; featured_image=&#8221;off&#8221; _builder_version=&#8221;4.27.4&#8243; _module_preset=&#8221;default&#8221; title_font=&#8221;&#8211;et_global_heading_font|800|||||||&#8221; title_font_size=&#8221;60px&#8221; custom_margin=&#8221;||0px||false|false&#8221; custom_padding=&#8221;||0px||false|false&#8221; title_font_size_tablet=&#8221;50px&#8221; title_font_size_phone=&#8221;40px&#8221; title_font_size_last_edited=&#8221;on|phone&#8221; locked=&#8221;off&#8221; global_colors_info=&#8221;{}&#8221;][\/et_pb_post_title][\/et_pb_column][\/et_pb_row][\/et_pb_section][et_pb_section fb_built=&#8221;1&#8243; _builder_version=&#8221;4.27.4&#8243; _module_preset=&#8221;default&#8221; global_colors_info=&#8221;{}&#8221;][et_pb_row _builder_version=&#8221;4.27.4&#8243; _module_preset=&#8221;default&#8221; global_colors_info=&#8221;{}&#8221;][et_pb_column type=&#8221;4_4&#8243; _builder_version=&#8221;4.27.4&#8243; _module_preset=&#8221;default&#8221; global_colors_info=&#8221;{}&#8221;][et_pb_text ul_type=&#8221;square&#8221; _builder_version=&#8221;4.27.5&#8243; _module_preset=&#8221;default&#8221; ul_font_size=&#8221;16px&#8221; header_2_text_color=&#8221;#3E3E3E&#8221; header_3_text_color=&#8221;#E09900&#8243; hover_enabled=&#8221;0&#8243; custom_css_free_form=&#8221;selector h2 {||  margin-bottom: 1rem;||  padding-top: 2rem;||}||||selector h2:first-child {||  padding-top: 0;||}||||selector h3 {||  margin-bottom: 0.5rem;||  padding-top: 1.5rem;||}&#8221; global_colors_info=&#8221;{}&#8221; sticky_enabled=&#8221;0&#8243;]<\/p>\n<h3>Vrste kola\u010di\u0107a<\/h3>\n<p>Kola\u010di\u0107i (\u201ecookies\u201c) su male datoteke koje internet preglednik pohranjuje na Va\u0161em ra\u010dunalu, mobilnom ure\u0111aju ili nekom drugom ure\u0111aju kada posje\u0107ujete neko internet mjesto. Internet preglednik pohranjuje kola\u010di\u0107e po &#8220;nalogu&#8221; tog internet mjesta, a za daljnje potrebe tog internet mjesta koje mogu biti razli\u010dite i ovise o namjeni kola\u010di\u0107a.<\/p>\n<p>Kola\u010di\u0107i se dijele prema trajanju, prema izvoru i prema funkciji kola\u010di\u0107a.<\/p>\n<p>Prema trajanju kola\u010di\u0107i mogu biti stalni kola\u010di\u0107i (ostaju na Va\u0161em ra\u010dunalu ili ure\u0111aju kojim je posje\u0107eno internet mjesto nakon zatvaranja internet preglednika) i privremeni kola\u010di\u0107i (uklanjaju se s Va\u0161eg ra\u010dunala ili ure\u0111aja kojim je posje\u0107eno internet mjesto po zatvaranju internet preglednika).<\/p>\n<p>Prema izvoru kola\u010di\u0107i mogu biti kola\u010di\u0107i prve strane (pohranjuje ih izvorno internet mjesto koje primarno posje\u0107ujete) i kola\u010di\u0107i tre\u0107e strane (pohranjuju ih druga internet mjesta ili internet usluge, a koji su dijelovi izvornog internet mjesta kojeg primarno posje\u0107ujete).<\/p>\n<p>Prema funkciji postoji vi\u0161e kola\u010di\u0107a, ali naj\u010de\u0161\u0107i su tehni\u010dki (nu\u017eni) kola\u010di\u0107i (nu\u017eni za samu funkcionalnost internet mjesta, kao i njezinih temeljnih svrha funkcioniranja), funkcionalni kola\u010di\u0107i (omogu\u0107uju internet mjestu pru\u017eanje pobolj\u0161ane funkcionalnosti i personalizaciju), statisti\u010dki kola\u010di\u0107i (prikupljaju informacije o tome kako posje\u0107ujete internet mjesto) te marketin\u0161ki kola\u010di\u0107i (prikupljaju informacije o Va\u0161im navikama i pona\u0161anju na internet mjestu u cilju objave personaliziranih oglasa).<\/p>\n<h3>Upravljanje kola\u010di\u0107ima<\/h3>\n<p>Kako smo spomenuli u prethodnim dijelovima teksta ove Politike kola\u010di\u0107a, kao korisnik na\u0161e internetske stranice slobodni ste upravljati kola\u010di\u0107ima te mijenjati Va\u0161e preference (odabire) u svakom trenutku.<\/p>\n<p>Op\u0107enito, kola\u010di\u0107e mo\u017eete prihva\u0107ati (omogu\u0107avati), odbijati ili brisati (onemogu\u0107avati). U informativne svrhe, ni\u017ee navodimo i opisujemo neke osnovne na\u010dine upravljanja kola\u010di\u0107ima.<\/p>\n<p>Kontrolu kola\u010di\u0107a mo\u017eete vr\u0161iti putem alata, odnosno postavki za pode\u0161avanje kola\u010di\u0107a i privatnosti na internetskim stranicama.<\/p>\n<p>Brisanjem povijesti pretra\u017eivanja iz svojeg internet preglednika, izbrisat \u0107ete (ukloniti) i sve pohranjene kola\u010di\u0107e s Va\u0161eg ure\u0111aja. No, budite svjesni kako ovakvim postupanjem mo\u017eete izgubiti i neke spremljene podatke (na primjer podatke za prijavu na ra\u010dune, osobne preferencije na raznim internetskim stranicama i sli\u010dno).<\/p>\n<p>Mo\u017eete podesiti svoj internet preglednik da prihva\u0107a ili odbija kola\u010di\u0107e. Ako odlu\u010dite podesiti svoj internet preglednik na na\u010din da odbija kola\u010di\u0107e, mogu\u0107e da \u0107e Vam pristup nekim funkcionalnostima internetskih stranica biti ograni\u010den ili onemogu\u0107en.<\/p>\n<p>Postoje i razli\u010diti drugi na\u010dini upravljanja kola\u010di\u0107ima te Vas molimo da se vi\u0161e o svemu informirate na sljede\u0107oj poveznici: <a href=\"https:\/\/www.aboutcookies.org\/\" target=\"_blank\" rel=\"noopener\">https:\/\/www.aboutcookies.org\/<\/a>.<\/p>\n<h3>Promijeni postavke<\/h3>\n<p>U bilo kojem trenutku mo\u017eete pregledati ili izmijeniti postavke koje se odnose na sustave za prikupljanje podataka. Ako ste prilikom dolaska na na\u0161u web stranicu prihvatili i kola\u010di\u0107e koji nisu obavezni (tehni\u010dki), te kola\u010di\u0107e po kategorijama mo\u017eete onemogu\u0107iti u predgledniku kola\u010di\u0107a ovdje. Blokiranjem tih kola\u010di\u0107a mo\u0107i \u0107ete i dalje pregledavati na\u0161e stranice, no odre\u0111ene funkcionalnosti, kao i pogodnosti koje \u0107emo Vam mo\u0107i omogu\u0107iti bit \u0107e ograni\u010dene.<\/p>\n<h3>Dijeljenje podataka<\/h3>\n<p>Podatke prikupljene putem kola\u010di\u0107a dijelimo s pru\u017eateljima odre\u0111enih usluga potrebnih za obavljanje poslovnih aktivnosti, to\u010dnije potrebnih za funkcioniranje na\u0161e internetske stranice, kao i kori\u0161tenje odre\u0111enih alata (funkcionalnosti) na na\u0161oj internetskoj stranici. Primjerice, to su pru\u017eatelji usluga izrade i odr\u017eavanja na\u0161e internetske stranice, pru\u017eatelji analiti\u010dki usluga na na\u0161oj internetskoj stranici, pru\u017eatelji raznih alata (funkcionalnosti) koji se koriste na na\u0161oj internetskoj stranici i sli\u010dno.<\/p>\n<h3>Marketing i analitika<\/h3>\n<p>Kako bismo Vam mogli ponuditi personaliziranu uslugu i dodatne pogodnosti, koristimo Googlove alate Google Analytics, Customer Match i Enchanced Conversions. Ove opcije koristimo samo uz Va\u0161u suglasnost, a korisni\u010dkim opcijama mo\u017eete upravljati u pregledniku kola\u010di\u0107a.<\/p>\n<p>Ukoliko nemamo Va\u0161 pristanak za kori\u0161tenje navedenih alata za personaliziranu uslugu, temeljem legitimnog interesa koristimo alat za analitiku Google Consent kojim prikupljamo isklju\u010divo statisti\u010dke podatke te ih koristimo za procjenu posje\u0107enosti web stranice, kretanja korisnika po web stranici te druge parametre koji su nam va\u017eni za pobolj\u0161anje usluga koje Vam pru\u017eamo.<\/p>\n<h3>Pregled kola\u010di\u0107a koje koristimo<\/h3>\n<p>Ni\u017ee su navedeni kola\u010di\u0107i prema funkciji koje koristimo na na\u0161oj internetskoj stranici. Uz to\u010dan naziv kola\u010di\u0107a, navodi se i vrsta predmetnog kola\u010di\u0107a po izvoru (kola\u010di\u0107 prve ili tre\u0107e strane), njegovo trajanje te svrha.<\/p>\n<p>Molimo Vas da pa\u017eljivo pro\u010ditate sve o kola\u010di\u0107ima koje koristimo te da na temelju pru\u017eenih informacija odlu\u010dite o tome koje sve kola\u010di\u0107e \u0107ete omogu\u0107iti prilikom kori\u0161tenja na\u0161e internetske stranice, odnosno za koje kola\u010di\u0107e \u0107ete nam dati Va\u0161u privolu.<\/p>\n<p>Kao korisnik na\u0161e internetske stranice slobodni ste upravljati kola\u010di\u0107ima te mijenjati Va\u0161e preference (odabire) u svakom trenutku, no onemogu\u0107avanjem odre\u0111enih kola\u010di\u0107a mogu\u0107e je da neke funkcionalnosti internetske stranice ne\u0107e ispravno funkcionirati.<\/p>\n<p>Tako\u0111er, molimo Vas da imate na umu kako odre\u0111ene tehni\u010dke kola\u010di\u0107e nije mogu\u0107e isklju\u010diti, jer su predmetni kola\u010di\u0107i nu\u017eni za funkcioniranje i rad internetske stranice. Predmetni tehni\u010dki kola\u010di\u0107i ne pohranjuju nikakve Va\u0161e osobne podatke putem kojih Vas se mo\u017ee identificirati.<\/p>\n<p>Putem odre\u0111enih kola\u010di\u0107a koje koristimo na na\u0161oj internetskoj stranici, prikupljamo i obra\u0111ujemo odre\u0111ene Va\u0161e osobne podatke. Vi\u0161e o tome kako prikupljamo, obra\u0111ujemo i \u0161titimo Va\u0161e osobne podatke op\u0107enito, ali i one prikupljene putem odre\u0111enih kola\u010di\u0107a i tehnologija pra\u0107enja na na\u0161oj internetskoj stranici, pro\u010ditajte u na\u0161oj <a href=\"https:\/\/oromo.eu\/hr\/politika-privatnosti\/\">Politici privatnosti<\/a>.<\/p>\n<p>U slu\u010daju promjene kola\u010di\u0107a i\/ili tehnologija pra\u0107enja koje koristimo na na\u0161oj internetskoj stranici, informirat \u0107emo Vas na vrijeme i putem na\u0161e internetske stranice.<\/p>\n<p><strong>Tablica kola\u010di\u0107a<\/strong> (pregled kola\u010di\u0107a koji se koriste: naziv, pru\u017eatelj usluge (provider), vrsta, trajanje)<\/p>\n<h3>Tablica kola\u010di\u0107a<\/h3>\n<table>\n<thead>\n<tr>\n<th>Naziv kola\u010di\u0107a<\/th>\n<th>pru\u017eatelj<\/th>\n<th>vrsta<\/th>\n<th>trajanje<\/th>\n<th>svrha<\/th>\n<\/tr>\n<\/thead>\n<tbody>\n<tr>\n<td>wordpress_logged_in_[hash]<\/td>\n<td style=\"white-space: nowrap;\">WordPress<\/td>\n<td style=\"white-space: nowrap;\">Prva strana<\/td>\n<td style=\"white-space: nowrap;\">Sesija<\/td>\n<td>Ozna\u010dava kada je korisnik prijavljen i tko je on.<\/td>\n<\/tr>\n<tr>\n<td>wordpress_sec_[hash]<\/td>\n<td>WordPress<\/td>\n<td>Prva strana<\/td>\n<td>Sesija<\/td>\n<td>Koristi se za odr\u017eavanje autentifikacije korisnika kada je prijavljen.<\/td>\n<\/tr>\n<tr>\n<td>comment_author, comment_author_email, comment_author_url<\/td>\n<td>WordPress<\/td>\n<td>Prva strana<\/td>\n<td>1 godina<\/td>\n<td>Koristi se za pam\u0107enje podataka komentatora kada ostave komentar.<\/td>\n<\/tr>\n<tr>\n<td>woocommerce_cart_hash<\/td>\n<td>WooCommerce<\/td>\n<td>Prva strana<\/td>\n<td>Sesija<\/td>\n<td>Poma\u017ee WooCommerceu da odredi kada se podaci o ko\u0161arici mijenjaju.<\/td>\n<\/tr>\n<tr>\n<td>woocommerce_items_in_cart<\/td>\n<td>WooCommerce<\/td>\n<td>Prva strana<\/td>\n<td>Sesija<\/td>\n<td>Poma\u017ee WooCommerceu da zna kada se stavke dodaju u ko\u0161aricu.<\/td>\n<\/tr>\n<tr>\n<td>wp_woocommerce_session_<\/td>\n<td>WooCommerce<\/td>\n<td>Prva strana<\/td>\n<td>2 dana<\/td>\n<td>Sadr\u017ei jedinstveni kod za svakog kupca kako bi WooCommerce znao gdje prona\u0107i podatke o ko\u0161arici u bazi podataka.<\/td>\n<\/tr>\n<tr>\n<td>store_notice[notice id]<\/td>\n<td>WooCommerce<\/td>\n<td>Prva strana<\/td>\n<td>Sesija<\/td>\n<td>Pohranjuje odbacivanje obavijesti trgovine ako je primjenjivo.<\/td>\n<\/tr>\n<tr>\n<td>_ga<\/td>\n<td>Google Analytics<\/td>\n<td>Tre\u0107a strana<\/td>\n<td>2 godine<\/td>\n<td>Koristi se za razlikovanje korisnika dodjeljivanjem jedinstvenog ID-a.<\/td>\n<\/tr>\n<tr>\n<td>_ga_[container-id]<\/td>\n<td>Google Analytics<\/td>\n<td>Tre\u0107a strana<\/td>\n<td>2 godine<\/td>\n<td>Koristi se za odr\u017eavanje stanja sesije za GA4 svojstvo.<\/td>\n<\/tr>\n<tr>\n<td>_gid<\/td>\n<td>Google Analytics<\/td>\n<td>Tre\u0107a strana<\/td>\n<td>24 sata<\/td>\n<td>Koristi se za razlikovanje korisnika.<\/td>\n<\/tr>\n<tr>\n<td>_gat<\/td>\n<td>Google Analytics<\/td>\n<td>Tre\u0107a strana<\/td>\n<td>1 minuta<\/td>\n<td>Koristi se za ograni\u010davanje brzine zahtjeva (ograni\u010davanje prikupljanja podataka na web-lokacijama s velikim prometom).<\/td>\n<\/tr>\n<\/tbody>\n<\/table>\n<p>[\/et_pb_text][\/et_pb_column][\/et_pb_row][\/et_pb_section]<\/p>\n","protected":false},"excerpt":{"rendered":"<p>Vrste kola\u010di\u0107a Kola\u010di\u0107i (\u201ecookies\u201c) su male datoteke koje internet preglednik pohranjuje na Va\u0161em ra\u010dunalu, mobilnom ure\u0111aju ili nekom drugom ure\u0111aju kada posje\u0107ujete neko internet mjesto. Internet preglednik pohranjuje kola\u010di\u0107e po &#8220;nalogu&#8221; tog internet mjesta, a za daljnje potrebe tog internet mjesta koje mogu biti razli\u010dite i ovise o namjeni kola\u010di\u0107a. Kola\u010di\u0107i se dijele prema trajanju, [&hellip;]<\/p>\n","protected":false},"author":1,"featured_media":0,"parent":0,"menu_order":0,"comment_status":"closed","ping_status":"closed","template":"","meta":{"_et_pb_use_builder":"on","_et_pb_old_content":"","_et_gb_content_width":"","footnotes":""},"class_list":["post-281980","page","type-page","status-publish","hentry"],"_links":{"self":[{"href":"https:\/\/oromo.eu\/hr\/wp-json\/wp\/v2\/pages\/281980","targetHints":{"allow":["GET"]}}],"collection":[{"href":"https:\/\/oromo.eu\/hr\/wp-json\/wp\/v2\/pages"}],"about":[{"href":"https:\/\/oromo.eu\/hr\/wp-json\/wp\/v2\/types\/page"}],"author":[{"embeddable":true,"href":"https:\/\/oromo.eu\/hr\/wp-json\/wp\/v2\/users\/1"}],"replies":[{"embeddable":true,"href":"https:\/\/oromo.eu\/hr\/wp-json\/wp\/v2\/comments?post=281980"}],"version-history":[{"count":4,"href":"https:\/\/oromo.eu\/hr\/wp-json\/wp\/v2\/pages\/281980\/revisions"}],"predecessor-version":[{"id":282278,"href":"https:\/\/oromo.eu\/hr\/wp-json\/wp\/v2\/pages\/281980\/revisions\/282278"}],"wp:attachment":[{"href":"https:\/\/oromo.eu\/hr\/wp-json\/wp\/v2\/media?parent=281980"}],"curies":[{"name":"wp","href":"https:\/\/api.w.org\/{rel}","templated":true}]}}