{"id":281984,"date":"2025-10-01T21:22:55","date_gmt":"2025-10-01T19:22:55","guid":{"rendered":"https:\/\/oromo.eu\/sigurnost-online-placanja\/"},"modified":"2025-11-04T11:13:04","modified_gmt":"2025-11-04T10:13:04","slug":"sigurnost-online-placanja","status":"publish","type":"page","link":"https:\/\/oromo.eu\/hr\/sigurnost-online-placanja\/","title":{"rendered":"Sigurnost online pla\u0107anja"},"content":{"rendered":"<p>[et_pb_section fb_built=&#8221;1&#8243; _builder_version=&#8221;4.27.4&#8243; _module_preset=&#8221;default&#8221; background_image=&#8221;https:\/\/oromo.eu\/wp-content\/uploads\/2024\/12\/pattern-trans.png&#8221; background_size=&#8221;contain&#8221; background_repeat=&#8221;repeat&#8221; custom_margin=&#8221;10px||0px||false|false&#8221; custom_padding=&#8221;25px||25px||true|false&#8221; global_colors_info=&#8221;{}&#8221;][et_pb_row _builder_version=&#8221;4.27.4&#8243; _module_preset=&#8221;default&#8221; global_colors_info=&#8221;{}&#8221;][et_pb_column type=&#8221;4_4&#8243; _builder_version=&#8221;4.27.4&#8243; _module_preset=&#8221;default&#8221; global_colors_info=&#8221;{}&#8221;][et_pb_post_title meta=&#8221;off&#8221; featured_image=&#8221;off&#8221; _builder_version=&#8221;4.27.4&#8243; _module_preset=&#8221;default&#8221; title_font=&#8221;&#8211;et_global_heading_font|800|||||||&#8221; title_font_size=&#8221;60px&#8221; custom_margin=&#8221;||0px||false|false&#8221; custom_padding=&#8221;||0px||false|false&#8221; title_font_size_tablet=&#8221;50px&#8221; title_font_size_phone=&#8221;40px&#8221; title_font_size_last_edited=&#8221;on|phone&#8221; locked=&#8221;off&#8221; global_colors_info=&#8221;{}&#8221;][\/et_pb_post_title][\/et_pb_column][\/et_pb_row][\/et_pb_section][et_pb_section fb_built=&#8221;1&#8243; _builder_version=&#8221;4.27.4&#8243; _module_preset=&#8221;default&#8221; global_colors_info=&#8221;{}&#8221;][et_pb_row _builder_version=&#8221;4.27.4&#8243; _module_preset=&#8221;default&#8221; global_colors_info=&#8221;{}&#8221;][et_pb_column type=&#8221;4_4&#8243; _builder_version=&#8221;4.27.4&#8243; _module_preset=&#8221;default&#8221; global_colors_info=&#8221;{}&#8221;][et_pb_text ul_type=&#8221;square&#8221; _builder_version=&#8221;4.27.4&#8243; _module_preset=&#8221;default&#8221; ul_font_size=&#8221;16px&#8221; header_2_text_color=&#8221;#3E3E3E&#8221; header_3_text_color=&#8221;#E09900&#8243; hover_enabled=&#8221;0&#8243; custom_css_free_form=&#8221;selector h2 {||  margin-bottom: 1rem;||  padding-top: 2rem;||}||||selector h2:first-child {||  padding-top: 0;||}||||selector h3 {||  margin-bottom: 0.5rem;||  padding-top: 1.5rem;||}&#8221; global_colors_info=&#8221;{}&#8221; sticky_enabled=&#8221;0&#8243;]Pri pla\u0107anju kreditnim i debitnim na na\u0161oj internet trgovini koristite CorvusPay \u2013 napredni sustav za siguran prihvat platnih kartica putem interneta.<\/p>\n<p>CorvusPay osigurava potpunu tajnost Va\u0161ih karti\u010dnih podataka ve\u0107 od trenutka kada ih upi\u0161ete u CorvusPay platni formular. Platni podaci proslje\u0111uju se sifrirano od Va\u0161eg web preglednika do banke koja je izdala Va\u0161u karticu. Na\u0161a trgovina nikada ne dolazi u kontakt s cjelovitim podacima o Va\u0161oj platnoj kartici. Tako\u0111er, podaci su nedostupni \u010dak i djelatnicima CorvusPay sustava. Izolirana jezgra samostalno prenosi i upravlja osjetljivim podacima, \u010duvaju\u0107i ih pri tom potpuno sigurnima.<\/p>\n<p>Formular za upis platnih podataka osiguran je SSL transportnom \u0161ifrom najve\u0107e pouzdanosti. Svi skladi\u0161teni podaci dodatno su za\u0161ti\u0107eni sifriranjem, kori\u0161tenjem kriptografskog ure\u0111aja certificiranog prema FIPS 140-2 Level 3 standardu. CorvusPay zadovoljava sve zahtjeve vezane uz sigurnost on-line pla\u0107anja propisane od strane vode\u0107ih karticnih brandova, odnosno posluje sukladno normi \u2013 PCI DSS Level 1 \u2013 najvi\u0161i sigurnosni standard industrije platnih kartica. Pri pla\u0107anju karticama uvr\u0161tenim u 3-D Secure program Va\u0161a banka uz valjanost same kartice dodatno potvr\u0111uje i Va\u0161 identitet pomo\u0107u tokena ili lozinke.<\/p>\n<p>Corvus Info sve prikupljene informacije smatra bankovnom tajnom i tretira ih u skladu s tim. Informacije se koriste isklju\u010divo u svrhe za koje su namijenjene. Va\u0161i osjetljivi podaci u potpunosti su sigurni, a njihova privatnost zajam\u010dena je najmodernijim za\u0161titnim mehanizmima. Prikupljaju se samo podaci nu\u017eni za obavljanje posla sukladno propisanim zahtjevnim procedurama za on-line pla\u0107anje.<\/p>\n<p>Sigurnosne kontrole i operativne procedure primijenjene na na\u0161u infrastrukturu osiguravaju trenutnu pouzdanost CorvusPay sustava. Uz to odr\u017eavanjem stroge kontrole pristupa, redovitim pra\u0107enjem sigurnosti i dubinskim provjerama za sprje\u010davanje ranjivosti mre\u017ee te planskim provo\u0111enjem odredbi o informacijskoj sigurnosti trajno odr\u017eavaju i unaprje\u0111uju stupanj sigurnosti sustava za\u0161titom Va\u0161ih karti\u010dnih podataka.<\/p>\n<p>Hvala \u0161to koristite CorvusPay![\/et_pb_text][\/et_pb_column][\/et_pb_row][\/et_pb_section]<\/p>\n","protected":false},"excerpt":{"rendered":"<p>Pri pla\u0107anju kreditnim i debitnim na na\u0161oj internet trgovini koristite CorvusPay \u2013 napredni sustav za siguran prihvat platnih kartica putem interneta. CorvusPay osigurava potpunu tajnost Va\u0161ih karti\u010dnih podataka ve\u0107 od trenutka kada ih upi\u0161ete u CorvusPay platni formular. Platni podaci proslje\u0111uju se sifrirano od Va\u0161eg web preglednika do banke koja je izdala Va\u0161u karticu. Na\u0161a [&hellip;]<\/p>\n","protected":false},"author":1,"featured_media":0,"parent":0,"menu_order":0,"comment_status":"closed","ping_status":"closed","template":"","meta":{"_et_pb_use_builder":"on","_et_pb_old_content":"","_et_gb_content_width":"","footnotes":""},"class_list":["post-281984","page","type-page","status-publish","hentry"],"_links":{"self":[{"href":"https:\/\/oromo.eu\/hr\/wp-json\/wp\/v2\/pages\/281984","targetHints":{"allow":["GET"]}}],"collection":[{"href":"https:\/\/oromo.eu\/hr\/wp-json\/wp\/v2\/pages"}],"about":[{"href":"https:\/\/oromo.eu\/hr\/wp-json\/wp\/v2\/types\/page"}],"author":[{"embeddable":true,"href":"https:\/\/oromo.eu\/hr\/wp-json\/wp\/v2\/users\/1"}],"replies":[{"embeddable":true,"href":"https:\/\/oromo.eu\/hr\/wp-json\/wp\/v2\/comments?post=281984"}],"version-history":[{"count":3,"href":"https:\/\/oromo.eu\/hr\/wp-json\/wp\/v2\/pages\/281984\/revisions"}],"predecessor-version":[{"id":282093,"href":"https:\/\/oromo.eu\/hr\/wp-json\/wp\/v2\/pages\/281984\/revisions\/282093"}],"wp:attachment":[{"href":"https:\/\/oromo.eu\/hr\/wp-json\/wp\/v2\/media?parent=281984"}],"curies":[{"name":"wp","href":"https:\/\/api.w.org\/{rel}","templated":true}]}}