{"id":281993,"date":"2025-10-01T21:25:06","date_gmt":"2025-10-01T19:25:06","guid":{"rendered":"https:\/\/oromo.eu\/nacini-placanja-i-dostava\/"},"modified":"2025-11-04T11:10:23","modified_gmt":"2025-11-04T10:10:23","slug":"nacini-placanja-i-dostava","status":"publish","type":"page","link":"https:\/\/oromo.eu\/hr\/nacini-placanja-i-dostava\/","title":{"rendered":"Na\u010dini pla\u0107anja i dostava"},"content":{"rendered":"<p>[et_pb_section fb_built=&#8221;1&#8243; _builder_version=&#8221;4.27.4&#8243; _module_preset=&#8221;default&#8221; background_image=&#8221;https:\/\/oromo.eu\/wp-content\/uploads\/2024\/12\/pattern-trans.png&#8221; background_size=&#8221;contain&#8221; background_repeat=&#8221;repeat&#8221; custom_margin=&#8221;10px||0px||false|false&#8221; custom_padding=&#8221;25px||25px||true|false&#8221; global_colors_info=&#8221;{}&#8221;][et_pb_row _builder_version=&#8221;4.27.4&#8243; _module_preset=&#8221;default&#8221; global_colors_info=&#8221;{}&#8221;][et_pb_column type=&#8221;4_4&#8243; _builder_version=&#8221;4.27.4&#8243; _module_preset=&#8221;default&#8221; global_colors_info=&#8221;{}&#8221;][et_pb_post_title meta=&#8221;off&#8221; featured_image=&#8221;off&#8221; _builder_version=&#8221;4.27.4&#8243; _module_preset=&#8221;default&#8221; title_font=&#8221;&#8211;et_global_heading_font|800|||||||&#8221; title_font_size=&#8221;60px&#8221; custom_margin=&#8221;||0px||false|false&#8221; custom_padding=&#8221;||0px||false|false&#8221; title_font_size_tablet=&#8221;50px&#8221; title_font_size_phone=&#8221;40px&#8221; title_font_size_last_edited=&#8221;on|phone&#8221; locked=&#8221;off&#8221; global_colors_info=&#8221;{}&#8221;][\/et_pb_post_title][\/et_pb_column][\/et_pb_row][\/et_pb_section][et_pb_section fb_built=&#8221;1&#8243; _builder_version=&#8221;4.27.4&#8243; _module_preset=&#8221;default&#8221; global_colors_info=&#8221;{}&#8221;][et_pb_row _builder_version=&#8221;4.27.4&#8243; _module_preset=&#8221;default&#8221; global_colors_info=&#8221;{}&#8221;][et_pb_column type=&#8221;4_4&#8243; _builder_version=&#8221;4.27.4&#8243; _module_preset=&#8221;default&#8221; global_colors_info=&#8221;{}&#8221;][et_pb_text ul_type=&#8221;square&#8221; _builder_version=&#8221;4.27.4&#8243; _module_preset=&#8221;default&#8221; ul_font_size=&#8221;16px&#8221; header_2_text_color=&#8221;#3E3E3E&#8221; header_3_text_color=&#8221;#E09900&#8243; hover_enabled=&#8221;0&#8243; custom_css_free_form=&#8221;selector h2 {||  margin-bottom: 1rem;||  padding-top: 2rem;||}||||selector h2:first-child {||  padding-top: 0;||}||||selector h3 {||  margin-bottom: 0.5rem;||  padding-top: 1.5rem;||}&#8221; global_colors_info=&#8221;{}&#8221; sticky_enabled=&#8221;0&#8243;]<\/p>\n<h2>UVODNE NAPOMENE<\/h2>\n<p>Molimo Vas da potpune informacije te uvjete pristupanja i kori\u0161tenja na\u0161e internetske stranice s pripadaju\u0107om internetskom trgovinom<br \/>\n<a href=\"http:\/\/www.oromo.eu\/\">http:\/\/www.oromo.eu\/<\/a>, odnosno kupnje u na\u0161oj internetskoj trgovini pro\u010ditate u na\u0161im Op\u0107im uvjetima.<\/p>\n<p>Naime, ni\u017ee navedene informacije i uvjeti pla\u0107anja i dostave naru\u010denih proizvoda u na\u0161oj internetskoj trgovini predstavljaju skra\u0107eni tekst, a sve u svrhu br\u017eeg i lak\u0161eg pronala\u017eenja informacije s Va\u0161e strane kao posjetitelja i kupca na\u0161e internetske stranice i trgovine.<\/p>\n<p>Relevantan dokument u vezi iskazivanja cijena, na\u010dina pla\u0107anja i dostave su Op\u0107i uvjeti.<\/p>\n<p>Kupnju putem internetske trgovine trenutno je mogu\u0107e izvr\u0161iti samo na podru\u010dju Republike Hrvatske i Europske unije.<\/p>\n<p>Ako imate pitanja u vezi na\u0161e internetske stranice i trgovine, kao i pitanja u vezi iskazivanja cijena, na\u010dina pla\u0107anja i dostave, slobodno nas kontaktirajte putem elektroni\u010dke po\u0161te na adresu <a href=\"mailto:info@oromo.eu\">info@oromo.eu<\/a>.<\/p>\n<h2>ISKAZIVANJE CIJENA I NA\u010cINI PLA\u0106ANJA<\/h2>\n<h3>Iskazivanje cijena<\/h3>\n<p>Cijene na\u0161ih proizvoda na internetskoj stranici izra\u017eene su u slu\u017ebenoj valuti Europske unije (euro &#8211; EUR). Sva pla\u0107anja \u0107e se vr\u0161iti u valuti Euro (EUR).<\/p>\n<p>Cijene na\u0161ih proizvoda na internetskoj stranici uklju\u010duju sve poreze i davanja.<\/p>\n<p>Izra\u017eene cijene podlo\u017ene su promjenama i svaka \u0107e promjena biti pravovremeno evidentirana u internetskoj trgovini. VH je ovla\u0161ten mijenjati cijene proizvoda bez prethodne najave.<\/p>\n<h3>Na\u010dini pla\u0107anja<\/h3>\n<p>U na\u0161oj internetskoj trgovini pla\u0107anje mo\u017eete izvr\u0161iti na sljede\u0107e na\u010dine:<\/p>\n<ul>\n<li><strong>Putem interneta (karticama):<\/strong> kreditnim i debitnim karticama Mastercard, Visa, Discover i American, jednokratnom uplatom te PayPal. Za pla\u0107anje kreditnim i debitnim karticama koristimo CorvusPay &#8211; napredni sustav za siguran prihvat platnih kartica putem interneta. CorvusPay osigurava potpunu tajnost Va\u0161ih karti\u010dnih podataka od trenutka kada ih upi\u0161ete u CorvusPay platni formular.<\/li>\n<li><strong>E-bankarstvom:<\/strong> proizvode dostavljamo tek nakon \u0161to je Va\u0161a uplata vidljiva na na\u0161em ra\u010dunu. Proizvode ne dostavljamo samo temeljem potvrde o Va\u0161oj uplati.<\/li>\n<\/ul>\n<h2>DOSTAVA<\/h2>\n<p>Dostava proizvoda mogu\u0107a je na podru\u010dju Europske unije, te se vr\u0161i na Va\u0161u adresu putem dostavne slu\u017ebe prema na\u0161em izboru.<\/p>\n<p>Na\u0161 ugovorni partner za vr\u0161enje dostave je trenutno MBE Adriatic d.o.o. (dalje u tekstu: \u201eMBE\u201c). VH zadr\u017eava pravo odabrati drugu dostavnu slu\u017ebu ako \u0107e na taj na\u010din proizvodi biti u\u010dinkovitije dostavljeni.<\/p>\n<p>VH posebnu pa\u017enju posve\u0107uje adekvatnom pakiranju proizvoda za prijevoz, a sve kako bi se sprije\u010dilo o\u0161te\u0107enje ili umanjenje vrijednosti proizvoda za vrijeme prijevoza.<\/p>\n<p>Dostava se vr\u0161i radnim danom, tijekom radnog vremena. Rok dostave na upisanu adresu unutar Republike Hrvatske je 5-7 radnih dana. Iznimka mogu biti otoci, te manja mjesta u koja se dostava ne vr\u0161i svaki dan. Na otoke koje pokriva dostavna slu\u017eba na\u0161eg partnera, proizvod \u0107e bit isporu\u010den prema posebnom rasporedu \u2013 o \u010demu \u0107ete biti posebno obavije\u0161teni, a na sve ostale otoke koje ne pokriva dostavna slu\u017eba na\u0161eg partnera, proizvodi se \u0161alju putem Hrvatske po\u0161te.<\/p>\n<p>Za isporuke izvan teritorija Republike Hrvatske, odnosno na podru\u010dju Europske unije rok dostave iznosi 10 do 15 radnih dana. Iznimke mogu biti otoci, te manja ili udaljenja mjesta u koja se dostava ne vr\u0161i svaki dan. U slu\u010daju isporuke na otocima, te manjim ili udaljenijim mjestima, proizvod \u0107e bit isporu\u010den prema posebnom rasporedu \u2013 o \u010demu \u0107ete biti posebno obavije\u0161teni.<\/p>\n<p>Brzina dostave mo\u017ee odstupati od uobi\u010dajene npr. u vrijeme blagdana, neradnih dana, tijekom velikih prodajnih akcija i drugih situacija u kojima su mogu\u0107e pote\u0161ko\u0107e tijekom slanja i dostave.<\/p>\n<p>Cijena dostave ovisi o te\u017eini paketa. Cijene dostupne u sljede\u0107im dokumentima:<\/p>\n<ul>\n<li><a href=\"https:\/\/oromo.eu\/wp-content\/uploads\/2025\/10\/00-Cijenik-dostave-EU-ENG.pdf\">Cjenik dostave EU zemlje;<\/a><\/li>\n<li><a href=\"https:\/\/oromo.eu\/wp-content\/uploads\/2025\/10\/00-Cijenik-dostave-HR-ENG.pdf\">Cjenik dostave RH.<\/a><\/li>\n<\/ul>\n<p>Cijena dostave uvijek je zasebno prikazana i ispisana na ra\u010dunu.<\/p>\n<p>Vi\u0161e informacija u vezi pravila dostave na\u0161eg ugovornog partnera mo\u017eete prona\u0107i na sljede\u0107oj poveznici:<br \/>\n<a href=\"http:\/\/www.mbe.hr\" target=\"_blank\" rel=\"noopener\">www.mbe.hr<\/a>.[\/et_pb_text][\/et_pb_column][\/et_pb_row][\/et_pb_section]<\/p>\n","protected":false},"excerpt":{"rendered":"<p>UVODNE NAPOMENE Molimo Vas da potpune informacije te uvjete pristupanja i kori\u0161tenja na\u0161e internetske stranice s pripadaju\u0107om internetskom trgovinom http:\/\/www.oromo.eu\/, odnosno kupnje u na\u0161oj internetskoj trgovini pro\u010ditate u na\u0161im Op\u0107im uvjetima. Naime, ni\u017ee navedene informacije i uvjeti pla\u0107anja i dostave naru\u010denih proizvoda u na\u0161oj internetskoj trgovini predstavljaju skra\u0107eni tekst, a sve u svrhu br\u017eeg i [&hellip;]<\/p>\n","protected":false},"author":1,"featured_media":0,"parent":0,"menu_order":0,"comment_status":"closed","ping_status":"closed","template":"","meta":{"_et_pb_use_builder":"on","_et_pb_old_content":"","_et_gb_content_width":"","footnotes":""},"class_list":["post-281993","page","type-page","status-publish","hentry"],"_links":{"self":[{"href":"https:\/\/oromo.eu\/hr\/wp-json\/wp\/v2\/pages\/281993","targetHints":{"allow":["GET"]}}],"collection":[{"href":"https:\/\/oromo.eu\/hr\/wp-json\/wp\/v2\/pages"}],"about":[{"href":"https:\/\/oromo.eu\/hr\/wp-json\/wp\/v2\/types\/page"}],"author":[{"embeddable":true,"href":"https:\/\/oromo.eu\/hr\/wp-json\/wp\/v2\/users\/1"}],"replies":[{"embeddable":true,"href":"https:\/\/oromo.eu\/hr\/wp-json\/wp\/v2\/comments?post=281993"}],"version-history":[{"count":5,"href":"https:\/\/oromo.eu\/hr\/wp-json\/wp\/v2\/pages\/281993\/revisions"}],"predecessor-version":[{"id":282091,"href":"https:\/\/oromo.eu\/hr\/wp-json\/wp\/v2\/pages\/281993\/revisions\/282091"}],"wp:attachment":[{"href":"https:\/\/oromo.eu\/hr\/wp-json\/wp\/v2\/media?parent=281993"}],"curies":[{"name":"wp","href":"https:\/\/api.w.org\/{rel}","templated":true}]}}