{"id":282001,"date":"2025-10-29T19:24:47","date_gmt":"2025-10-29T18:24:47","guid":{"rendered":"https:\/\/oromo.eu\/jednostrani-raskid-ugovora-o-kupnji\/"},"modified":"2025-11-04T11:00:33","modified_gmt":"2025-11-04T10:00:33","slug":"jednostrani-raskid-ugovora-o-kupnji","status":"publish","type":"page","link":"https:\/\/oromo.eu\/hr\/jednostrani-raskid-ugovora-o-kupnji\/","title":{"rendered":"Jednostrani raskid ugovora o kupnji"},"content":{"rendered":"<p>[et_pb_section fb_built=&#8221;1&#8243; _builder_version=&#8221;4.27.4&#8243; _module_preset=&#8221;default&#8221; background_image=&#8221;https:\/\/oromo.eu\/wp-content\/uploads\/2024\/12\/pattern-trans.png&#8221; background_size=&#8221;contain&#8221; background_repeat=&#8221;repeat&#8221; custom_margin=&#8221;10px||0px||false|false&#8221; custom_padding=&#8221;25px||25px||true|false&#8221; global_colors_info=&#8221;{}&#8221;][et_pb_row _builder_version=&#8221;4.27.4&#8243; _module_preset=&#8221;default&#8221; global_colors_info=&#8221;{}&#8221;][et_pb_column type=&#8221;4_4&#8243; _builder_version=&#8221;4.27.4&#8243; _module_preset=&#8221;default&#8221; global_colors_info=&#8221;{}&#8221;][et_pb_post_title meta=&#8221;off&#8221; featured_image=&#8221;off&#8221; _builder_version=&#8221;4.27.4&#8243; _module_preset=&#8221;default&#8221; title_font=&#8221;&#8211;et_global_heading_font|800|||||||&#8221; title_font_size=&#8221;60px&#8221; custom_margin=&#8221;||0px||false|false&#8221; custom_padding=&#8221;||0px||false|false&#8221; title_font_size_tablet=&#8221;50px&#8221; title_font_size_phone=&#8221;40px&#8221; title_font_size_last_edited=&#8221;on|phone&#8221; locked=&#8221;off&#8221; global_colors_info=&#8221;{}&#8221;][\/et_pb_post_title][\/et_pb_column][\/et_pb_row][\/et_pb_section][et_pb_section fb_built=&#8221;1&#8243; _builder_version=&#8221;4.27.4&#8243; _module_preset=&#8221;default&#8221; global_colors_info=&#8221;{}&#8221;][et_pb_row _builder_version=&#8221;4.27.4&#8243; _module_preset=&#8221;default&#8221; global_colors_info=&#8221;{}&#8221;][et_pb_column type=&#8221;4_4&#8243; _builder_version=&#8221;4.27.4&#8243; _module_preset=&#8221;default&#8221; global_colors_info=&#8221;{}&#8221;][et_pb_text ul_type=&#8221;square&#8221; _builder_version=&#8221;4.27.4&#8243; _module_preset=&#8221;default&#8221; ul_font_size=&#8221;16px&#8221; header_2_text_color=&#8221;#3E3E3E&#8221; header_3_text_color=&#8221;#E09900&#8243; hover_enabled=&#8221;0&#8243; custom_css_free_form=&#8221;selector h2 {||  margin-bottom: 1rem;||  padding-top: 2rem;||}||||selector h2:first-child {||  padding-top: 0;||}||||selector h3 {||  margin-bottom: 0.5rem;||  padding-top: 1.5rem;||}&#8221; global_colors_info=&#8221;{}&#8221; sticky_enabled=&#8221;0&#8243;]<\/p>\n<h2>UVODNE NAPOMENE<\/h2>\n<p>Molimo Vas da potpune informacije, te uvjete pristupanja i kori\u0161tenja na\u0161e internetske stranice s pripadaju\u0107om internetskom trgovinom<br \/><a href=\"http:\/\/www.oromo.eu\/\">http:\/\/www.oromo.eu\/<\/a>, odnosno kupnje u na\u0161oj internetskoj trgovini pro\u010ditate u na\u0161im Op\u0107im uvjetima.<\/p>\n<p>Naime, ni\u017ee navedene informacije i uvjeti jednostranog raskida ugovora o kupnji proizvoda iz na\u0161e internetske trgovine predstavljaju skra\u0107eni tekst, a sve u svrhu br\u017eeg i lak\u0161eg pronala\u017eenja informacija s Va\u0161e strane kao posjetitelja i kupca na\u0161e internetske stranice i internetske trgovine.<\/p>\n<p>Relevantan dokument u vezi jednostranog raskida ugovora o kupnji su Op\u0107i uvjeti.<\/p>\n<p>Kupnju putem internetske trgovine trenutno je mogu\u0107e izvr\u0161iti samo na podru\u010dju Republike Hrvatske.<\/p>\n<p>Ako imate pitanja u vezi na\u0161e internetske stranice i internetske trgovine, kao i pitanja u vezi jednostranog raskida ugovora o kupnji proizvoda, slobodno nas kontaktirajte putem elektroni\u010dke po\u0161te na adresu <a href=\"mailto:info@oromo.eu\">info@oromo.eu<\/a>.<\/p>\n<h2>JEDNOSTRANI RASKID<\/h2>\n<p>Ako ste kupac na\u0161ih proizvoda putem internetske stranice, onda imate pravo jednostrano raskinuti ugovor o kupnji proizvoda u roku od 14 (\u010detrnaest) dana ra\u010dunaju\u0107i od dana kada Vam je proizvod predan, odnosno od dana zaprimanja proizvoda. Jednostrani raskid ugovora o kupnji proizvoda mo\u017eete pru\u017eiti bez navo\u0111enja posebnog razloga. Uvjeti za kori\u0161tenje mogu\u0107nosti jednostranog raskida ugovora o kupnji proizvoda su sljede\u0107i:<\/p>\n<ul>\n<li>da proizvod nije kori\u0161ten,<\/li>\n<li>da se VH-u vra\u0107a u istom stanju u kojem je i preuzet od kupca, odnosno da se vra\u0107a u originalnom pakiranju, te s pripadaju\u0107im ra\u010dunom i dokumentacijom.<\/li>\n<\/ul>\n<p>U slu\u010daju da \u017eelite koristiti pravo na jednostrani raskid ugovora o kupnji proizvoda, isto mo\u017eete u\u010diniti na na\u010din da popunite obrazac jednostranog raskida ugovora o kupnji proizvoda, te isti dostavite osobno ili putem pismena na adresu na\u0161eg sjedi\u0161ta \u2013 Vukovarska 88, Rijeka, Hrvatska ili putem elektroni\u010dke po\u0161te na adresu: <a href=\"mailto:info@oromo.eu\">info@oromo.eu<\/a>.<\/p>\n<p>U slu\u010daju ispunjenja uvjeta za jednostrani raskid ugovora o kupnji proizvoda, VH \u0107e Vam izvr\u0161it povrat nov\u010danih sredstava, uklju\u010duju\u0107i tro\u0161kove dostave (ako su isti bili napla\u0107eni), ali ne uklju\u010duju\u0107i i tro\u0161kove povrata proizvoda. Povrat nov\u010danih sredstava izvr\u0161it \u0107e se najkasnije u roku od 14 (\u010detrnaest) dana od dana kada VH zaprimi obavijesti o jednostranom raskidu ugovora o kupnji proizvoda. Povrat nov\u010danih sredstava bit \u0107e izvr\u0161en na isti na\u010din na koji je izvr\u0161eno pla\u0107anje.<\/p>\n<p><a href=\"https:\/\/oromo.eu\/wp-content\/uploads\/2025\/11\/obrazac_za_jednostrani_raskid_ugovora.pdf\" rel=\"attachment wp-att-282086\">Obrazac za jednostrani raskid ugovora (.pdf 187kb)<\/a><\/p>\n<p>[\/et_pb_text][\/et_pb_column][\/et_pb_row][\/et_pb_section]<\/p>\n","protected":false},"excerpt":{"rendered":"<p>UVODNE NAPOMENE Molimo Vas da potpune informacije, te uvjete pristupanja i kori\u0161tenja na\u0161e internetske stranice s pripadaju\u0107om internetskom trgovinomhttp:\/\/www.oromo.eu\/, odnosno kupnje u na\u0161oj internetskoj trgovini pro\u010ditate u na\u0161im Op\u0107im uvjetima. Naime, ni\u017ee navedene informacije i uvjeti jednostranog raskida ugovora o kupnji proizvoda iz na\u0161e internetske trgovine predstavljaju skra\u0107eni tekst, a sve u svrhu br\u017eeg i [&hellip;]<\/p>\n","protected":false},"author":1,"featured_media":0,"parent":0,"menu_order":0,"comment_status":"closed","ping_status":"closed","template":"","meta":{"_et_pb_use_builder":"on","_et_pb_old_content":"","_et_gb_content_width":"","footnotes":""},"class_list":["post-282001","page","type-page","status-publish","hentry"],"_links":{"self":[{"href":"https:\/\/oromo.eu\/hr\/wp-json\/wp\/v2\/pages\/282001","targetHints":{"allow":["GET"]}}],"collection":[{"href":"https:\/\/oromo.eu\/hr\/wp-json\/wp\/v2\/pages"}],"about":[{"href":"https:\/\/oromo.eu\/hr\/wp-json\/wp\/v2\/types\/page"}],"author":[{"embeddable":true,"href":"https:\/\/oromo.eu\/hr\/wp-json\/wp\/v2\/users\/1"}],"replies":[{"embeddable":true,"href":"https:\/\/oromo.eu\/hr\/wp-json\/wp\/v2\/comments?post=282001"}],"version-history":[{"count":5,"href":"https:\/\/oromo.eu\/hr\/wp-json\/wp\/v2\/pages\/282001\/revisions"}],"predecessor-version":[{"id":282087,"href":"https:\/\/oromo.eu\/hr\/wp-json\/wp\/v2\/pages\/282001\/revisions\/282087"}],"wp:attachment":[{"href":"https:\/\/oromo.eu\/hr\/wp-json\/wp\/v2\/media?parent=282001"}],"curies":[{"name":"wp","href":"https:\/\/api.w.org\/{rel}","templated":true}]}}