{"id":282035,"date":"2024-10-19T16:46:14","date_gmt":"2024-10-19T14:46:14","guid":{"rendered":"https:\/\/oromo.eu\/cesta-pitanja\/"},"modified":"2026-03-17T14:55:09","modified_gmt":"2026-03-17T13:55:09","slug":"cesta-pitanja","status":"publish","type":"page","link":"https:\/\/oromo.eu\/hr\/cesta-pitanja\/","title":{"rendered":"\u010cesta pitanja"},"content":{"rendered":"<p>[et_pb_section fb_built=&#8221;1&#8243; _builder_version=&#8221;4.27.4&#8243; _module_preset=&#8221;default&#8221; background_image=&#8221;https:\/\/oromo.eu\/wp-content\/uploads\/2024\/12\/pattern-trans.png&#8221; background_size=&#8221;contain&#8221; background_repeat=&#8221;repeat&#8221; custom_margin=&#8221;10px||0px||false|false&#8221; custom_padding=&#8221;25px||25px||true|false&#8221; global_colors_info=&#8221;{}&#8221;][et_pb_row _builder_version=&#8221;4.27.4&#8243; _module_preset=&#8221;default&#8221; global_colors_info=&#8221;{}&#8221;][et_pb_column type=&#8221;4_4&#8243; _builder_version=&#8221;4.27.4&#8243; _module_preset=&#8221;default&#8221; global_colors_info=&#8221;{}&#8221;][et_pb_post_title meta=&#8221;off&#8221; featured_image=&#8221;off&#8221; _builder_version=&#8221;4.27.4&#8243; _module_preset=&#8221;default&#8221; title_font=&#8221;&#8211;et_global_heading_font|800|||||||&#8221; title_font_size=&#8221;60px&#8221; custom_margin=&#8221;||0px||false|false&#8221; custom_padding=&#8221;||0px||false|false&#8221; title_font_size_tablet=&#8221;50px&#8221; title_font_size_phone=&#8221;40px&#8221; title_font_size_last_edited=&#8221;on|phone&#8221; locked=&#8221;off&#8221; global_colors_info=&#8221;{}&#8221;][\/et_pb_post_title][\/et_pb_column][\/et_pb_row][\/et_pb_section][et_pb_section fb_built=&#8221;1&#8243; _builder_version=&#8221;4.27.4&#8243; _module_preset=&#8221;default&#8221; custom_padding=&#8221;25px||25px||true|false&#8221; global_colors_info=&#8221;{}&#8221;][et_pb_row _builder_version=&#8221;4.27.4&#8243; _module_preset=&#8221;default&#8221; global_colors_info=&#8221;{}&#8221;][et_pb_column type=&#8221;4_4&#8243; _builder_version=&#8221;4.27.4&#8243; _module_preset=&#8221;default&#8221; global_colors_info=&#8221;{}&#8221;][difl_faq faq_layout=&#8221;toggle&#8221; activate_on_first_time=&#8221;on&#8221; active_item_order_number=&#8221;1&#8243; default_que_wrapper_bg_bgcolor=&#8221;#FFFFFF&#8221; faq_item_per_column_tablet=&#8221;2&#8243; faq_item_per_column_phone=&#8221;1&#8243; faq_item_per_column_last_edited=&#8221;on|desktop&#8221; _builder_version=&#8221;4.27.6&#8243; _module_preset=&#8221;default&#8221; question_text_font=&#8221;&#8211;et_global_heading_font|900|||||||&#8221; question_text_text_color=&#8221;#3E3E3E&#8221; question_text_line_height=&#8221;1.5em&#8221; active_design_question_text_text_color=&#8221;#9D632E&#8221; design_answer_text_font=&#8221;&#8211;et_global_body_font|500|||||||&#8221; hover_enabled=&#8221;0&#8243; question_text_font_size_tablet=&#8221;&#8221; question_text_font_size_phone=&#8221;18px&#8221; question_text_font_size_last_edited=&#8221;on|phone&#8221; border_color_all_active_que_wrapper_border=&#8221;#9D632E&#8221; global_colors_info=&#8221;{}&#8221; que_wrapper_bg_bgcolor__hover=&#8221;1px||||false|false&#8221; que_wrapper_bg_bgcolor__hover_enabled=&#8221;on|hover&#8221; sticky_enabled=&#8221;0&#8243;][difl_faqitem question=&#8221;Po \u010demu se pe\u010denje ribe uz BakeUp razlikuje od standardnog pe\u010denja ribe u pe\u0107nici?&#8221; _builder_version=&#8221;4.27.4&#8243; global_colors_info=&#8221;{}&#8221; que_wrapper_bg_bgcolor__hover=&#8221;1px||||false|false&#8221; que_wrapper_bg_bgcolor__hover_enabled=&#8221;on|hover&#8221;]Prilikom pe\u010denja u limu za pe\u010denje, riba se s donje strane zapravo kuha u vlastitom soku, i ta strana ostaje gnjecava. Kad koristite BakeUp, riba je izlo\u017eena toplini jednakomjerno sa svih strana te dobije hrskavu koricu s obje strane.[\/difl_faqitem][difl_faqitem question=&#8221;Je li bolje koristiti BakeUp nego standardno pe\u0107i ribu u pe\u0107nici? &#8221; _builder_version=&#8221;4.27.4&#8243; global_colors_info=&#8221;{}&#8221; que_wrapper_bg_bgcolor__hover=&#8221;1px||||false|false&#8221; que_wrapper_bg_bgcolor__hover_enabled=&#8221;on|hover&#8221;]Ne bismo i\u0161li toliko daleko da ka\u017eemo da je bolje, ali ako volite hrskavu koricu na ribi, vrlo je vjerojatno da \u0107e vam se BakeUp svidjeti.[\/difl_faqitem][difl_faqitem question=&#8221;Je li BakeUp zdraviji izbor?&#8221; _builder_version=&#8221;4.27.4&#8243; _module_preset=&#8221;default&#8221; global_colors_info=&#8221;{}&#8221; que_wrapper_bg_bgcolor__hover=&#8221;1px||||false|false&#8221; que_wrapper_bg_bgcolor__hover_enabled=&#8221;on|hover&#8221;]S obzirom da je BakeUp dizajniran isklju\u010divo za pe\u010denje ribe, ako ga koristite &#8211; ve\u0107 jedete zdravo! Ono \u0161to vam ovo pomagalo dodatno omogu\u0107ava jest pe\u010denje s uljem ili bez ulja.[\/difl_faqitem][difl_faqitem question=&#8221;Od kojeg materijala je BakeUp napravljen i je li siguran za upotrebu?&#8221; _builder_version=&#8221;4.27.4&#8243; _module_preset=&#8221;default&#8221; global_colors_info=&#8221;{}&#8221; que_wrapper_bg_bgcolor__hover=&#8221;1px||||false|false&#8221; que_wrapper_bg_bgcolor__hover_enabled=&#8221;on|hover&#8221;]BakeUp je izra\u0111en od silikona prehrambene kvalitete \u2013 o\u010dvr\u0161\u0107en platinom (u skladu s FDA, EC1935\/2004 propisima). Silikon ne ispu\u0161ta nikakve \u0161tetne tvari niti prilikom pranja niti prilikom pe\u010denja, \u010dak ni na visokim temperaturama. Ne sadr\u017ei plastiku, gumu niti ikakve toksi\u010dne \u010destice. Isto vrijedi za boje proizvoda &#8211; BakeUp koristi samo boje u skladu s FDA, Bfr, EC1935\/2004 propisima koje nisu \u0161tetne ni za ljude ni za okoli\u0161.[\/difl_faqitem][difl_faqitem question=&#8221;Gdje je BakeUp proizveden?&#8221; _builder_version=&#8221;4.27.4&#8243; _module_preset=&#8221;default&#8221; global_colors_info=&#8221;{}&#8221; que_wrapper_bg_bgcolor__hover=&#8221;1px||||false|false&#8221; que_wrapper_bg_bgcolor__hover_enabled=&#8221;on|hover&#8221;]Ideja za BakeUp rodila se u Hrvatskoj, no dizajniran je i proizveden u Italiji. [\/difl_faqitem][difl_faqitem question=&#8221;Za koju ribu mogu koristiti BakeUp?&#8221; _builder_version=&#8221;4.27.4&#8243; _module_preset=&#8221;default&#8221; global_colors_info=&#8221;{}&#8221; que_wrapper_bg_bgcolor__hover=&#8221;1px||||false|false&#8221; que_wrapper_bg_bgcolor__hover_enabled=&#8221;on|hover&#8221;]BakeUp je dizajniran za ribe srednje veli\u010dine, npr. orade, brancine, ve\u0107e osli\u0107e, ve\u0107e plavice i sli\u010dne.[\/difl_faqitem][difl_faqitem question=&#8221;Koja veli\u010dina ribe je prikladna za BakeUp?&#8221; _builder_version=&#8221;4.27.4&#8243; _module_preset=&#8221;default&#8221; global_colors_info=&#8221;{}&#8221; que_wrapper_bg_bgcolor__hover=&#8221;1px||||false|false&#8221; que_wrapper_bg_bgcolor__hover_enabled=&#8221;on|hover&#8221;]\u010ca\u0161ica BakeUp proizvoda duga\u010dka je 7 cm, stoga je BakeUp prikladan za bilo koju ribu kojoj mo\u017eete zarezati 7 cm duga\u010dak rez du\u017e trbuha. Takve ribe su primjerice orade, brancini, ve\u0107i osli\u0107i ili ve\u0107e plavice. Jednostavno, ako se riba mo\u017ee postaviti na BakeUp bez da se prevrne &#8211; prikladne je veli\u010dine![\/difl_faqitem][difl_faqitem question=&#8221;Mogu li koristiti BakeUp s ve\u0107 o\u010di\u0161\u0107enom ribom kupljenoj u trgovini?&#8221; _builder_version=&#8221;4.27.4&#8243; _module_preset=&#8221;default&#8221; global_colors_info=&#8221;{}&#8221; que_wrapper_bg_bgcolor__hover=&#8221;1px||||false|false&#8221; que_wrapper_bg_bgcolor__hover_enabled=&#8221;on|hover&#8221;]Da i ne, ovisi o tome kako je o\u010di\u0161\u0107ena u tvornici. Za vi\u0161e detalja, pogledajte idu\u0107e pitanje.[\/difl_faqitem][difl_faqitem question=&#8221;Je li bitno kako o\u010distim ribu?&#8221; _builder_version=&#8221;4.27.6&#8243; _module_preset=&#8221;default&#8221; design_answer_text_ol_position=&#8221;outside&#8221; design_answer_text_ol_item_indent=&#8221;19px&#8221; hover_enabled=&#8221;0&#8243; global_colors_info=&#8221;{}&#8221; que_wrapper_bg_bgcolor__hover=&#8221;1px||||false|false&#8221; que_wrapper_bg_bgcolor__hover_enabled=&#8221;on|hover&#8221; sticky_enabled=&#8221;0&#8243;]Da, bitno je, ali se ne razlikuje od standardnog na\u010dina \u010di\u0161\u0107enja ribe. Evo kratkih uputa:   <\/p>\n<ol>\n<li>Ribi odstranite ljuske<\/li>\n<li>Na trbuhu ribe prona\u0111ite mali otvor cca 5-7 cm od repa, ovisno o veli\u010dini ribe.<\/li>\n<li>Vrhom no\u017ea plitko zare\u017eite du\u017e trbuha otvor dug 7-8 cm po\u010dev\u0161i od spomenutog otvora do po\u010detka \u0161krga.<\/li>\n<li>Rez bi trebao biti dovoljno dubok da zare\u017ee meso, ali ne da probije unutarnje organe.<\/li>\n<li>Kad je trbuh otvoren, prstima izvucite utrobu ribe. Sve bi trebalo lako iza\u0107i, ali provjerite je li ostao neki od unutarnjih organa s obzirom da neke ribe imaju bubrege vi\u0161e otraga. <\/li>\n<li>Na ribi ostavite glavu i \u0161krge. Ne \u017eelite da otvor bude prevelik, idealno bi bilo da bude jednake du\u017eine kao i BakeUp \u010da\u0161ica.<\/li>\n<li>Hladnom vodom isperite unutra\u0161njost ribe.<\/li>\n<li>Riba je sada spremna da je postavite na BakeUp. <\/li>\n<\/ol>\n<p>[\/difl_faqitem][difl_faqitem question=&#8221;\u0160to ako napravim preveliki rez?&#8221; _builder_version=&#8221;4.27.4&#8243; _module_preset=&#8221;default&#8221; global_colors_info=&#8221;{}&#8221; que_wrapper_bg_bgcolor__hover=&#8221;1px||||false|false&#8221; que_wrapper_bg_bgcolor__hover_enabled=&#8221;on|hover&#8221;]Ne brinite, niste jedini. Sve je to dio procesa. Pridr\u017eite BakeUp jednom rukom, dok drugom malo namje\u0161tate ribu naprijed-natrag, tra\u017ee\u0107i najstabilniji polo\u017eaj.[\/difl_faqitem][difl_faqitem question=&#8221;Trebam li koristiti ulje uz BakeUp?&#8221; _builder_version=&#8221;4.27.4&#8243; _module_preset=&#8221;default&#8221; global_colors_info=&#8221;{}&#8221; que_wrapper_bg_bgcolor__hover=&#8221;1px||||false|false&#8221; que_wrapper_bg_bgcolor__hover_enabled=&#8221;on|hover&#8221;]To je u potpunosti Va\u0161 izbor. BakeUp dopu\u0161ta pe\u010denje s uljem i bez ulja. Ako koristite ulje, preporu\u010dujemo ekstradjevi\u010dansko maslinovo ulje &#8211; samo ga nalijte u BakeUp \u010da\u0161icu, uz za\u010dine i za\u010dinsko bilje i aromatizirat \u0107e ribu iznutra.[\/difl_faqitem][difl_faqitem question=&#8221;Smijem li prati BakeUp u perilici su\u0111a?&#8221; _builder_version=&#8221;4.27.4&#8243; _module_preset=&#8221;default&#8221; global_colors_info=&#8221;{}&#8221; que_wrapper_bg_bgcolor__hover=&#8221;1px||||false|false&#8221; que_wrapper_bg_bgcolor__hover_enabled=&#8221;on|hover&#8221;]Smijete! To je jedna od prednosti ovog proizvoda, vrlo se lako \u010disti i odr\u017eava.[\/difl_faqitem][difl_faqitem question=&#8221;Mogu li pe\u0107i i povr\u0107e uz ribu?&#8221; _builder_version=&#8221;4.27.4&#8243; _module_preset=&#8221;default&#8221; global_colors_info=&#8221;{}&#8221; que_wrapper_bg_bgcolor__hover=&#8221;1px||||false|false&#8221; que_wrapper_bg_bgcolor__hover_enabled=&#8221;on|hover&#8221;]Naravno! Nare\u017eite povr\u0107e i poslo\u017eite ga na lim za pe\u010denje ispod ribe\/riba. Samo pazite na vrijeme pe\u010denja. Ra\u010dunajte da \u0107e ribi trebati otprilike 30 min pe\u010denja.  [\/difl_faqitem][difl_faqitem question=&#8221;Kada i kako da skinem ribu s BakeUp pomagala?&#8221; _builder_version=&#8221;4.27.4&#8243; _module_preset=&#8221;default&#8221; global_colors_info=&#8221;{}&#8221; que_wrapper_bg_bgcolor__hover=&#8221;1px||||false|false&#8221; que_wrapper_bg_bgcolor__hover_enabled=&#8221;on|hover&#8221;]Kad je riba pe\u010dena, izvadite lim za pe\u010denje iz pe\u0107nice. Ako imate rukavice za pe\u010denje, mo\u017eete odmah podignuti ribu s BakeUp \u010da\u0161ice. Ako ne nosite rukavice, pri\u010dekajte nekoliko minuta kako se ne biste opekli.[\/difl_faqitem][difl_faqitem question=&#8221;Postoji li ve\u0107a veli\u010dina BakeUp pomagala?&#8221; _builder_version=&#8221;4.27.4&#8243; _module_preset=&#8221;default&#8221; global_colors_info=&#8221;{}&#8221; que_wrapper_bg_bgcolor__hover=&#8221;1px||||false|false&#8221; que_wrapper_bg_bgcolor__hover_enabled=&#8221;on|hover&#8221;]Trenuta\u010dno ne postoji, no u planu nam je proizvesti BakeUp Large, a mo\u017eda \u010dak i BakeUp Extra Large.[\/difl_faqitem][difl_faqitem question=&#8221;Kad je dotrajao, mogu li baciti BakeUp u obi\u010dan otpad? &#8221; _builder_version=&#8221;4.27.4&#8243; _module_preset=&#8221;default&#8221; global_colors_info=&#8221;{}&#8221; que_wrapper_bg_bgcolor__hover=&#8221;1px||||false|false&#8221; que_wrapper_bg_bgcolor__hover_enabled=&#8221;on|hover&#8221;]Proizvodi od silikona nisu opasni i mogu se baciti kao obi\u010dan ku\u0107ni otpad. No, pitajte u svom lokalnom recikla\u017enom centru postoji li program za odlaganje i recikla\u017eu silikona.[\/difl_faqitem][\/difl_faq][\/et_pb_column][\/et_pb_row][\/et_pb_section]<\/p>\n","protected":false},"excerpt":{"rendered":"<p><div class=\"et_pb_with_border et_pb_module difl_faq difl_faq_0\">\n\t\t\t\t\n\t\t\t\t\n\t\t\t\t\n\t\t\t\t\n\t\t\t\t\n\t\t\t\t\n\t\t\t\t<div class=\"et_pb_module_inner\">\n\t\t\t\t\t<div class=\"df_faq_wrapper \" data-settings='{\"faq_layout\":\"toggle\",\"activate_on_first_time\":\"on\",\"active_item_order_number\":\"1\",\"faq_animation\":\"slide\",\"faq_anime_duration\":\"300\",\"icon_animation\":\"fade\",\"que_img_animation\":\"fade\",\"content_animation_type\":\"fade_in\",\"content_anime_duration\":\"250\",\"order_class\":\"difl_faq_0\",\"faq_layout_grid\":\"off\",\"faq_item_per_column\":\"2\",\"faq_item_per_column_tablet\":\"2\",\"faq_item_per_column_phone\":\"1\"}'><\/div>\n            \n\t\t\t\t<\/div>\n\t\t\t<\/div><div class=\"et_pb_module difl_faqitem difl_faqitem_0\">\n\t\t\t\t\n\t\t\t\t\n\t\t\t\t\n\t\t\t\t\n\t\t\t\t\n\t\t\t\t\n\t\t\t\t<div class=\"et_pb_module_inner\">\n\t\t\t\t\t<div class=\"df_faq_item\" data-settings='{\"hide_faq_item\":\"\"}'>\n                <div class=\"faq_question_wrapper\">\n                <div class=\"faq_question_area\">\n                    \n                    <div class=\"faq_question\"><h3 class=\"faq_question_title\">Po \u010demu se pe\u010denje ribe uz BakeUp razlikuje od standardnog pe\u010denja ribe u pe\u0107nici?<\/h3><\/div>\n                <\/div>\n                <div class=\"faq_icon\"><div class=\"close_icon\"><span class=\"et-pb-icon\">&#x4c;<\/span><\/div>\n                <div class=\"open_icon\"><span class=\"et-pb-icon\">&#x4b;<\/span><\/div><\/div>\n            <\/div>\n          \n                <div class=\"faq_answer_wrapper\">\n                <div class=\"faq_answer_area\">\n                   <div class=\"faq_content\">\n                        \n                        \n                   <\/div>\n                <\/div>\n            <\/div>\n            <\/div>\n\t\t\t\t<\/div>\n\t\t\t<\/div>Prilikom pe\u010denja u limu za pe\u010denje, riba se s donje strane zapravo kuha u [&hellip;]<\/p>\n","protected":false},"author":1,"featured_media":0,"parent":0,"menu_order":0,"comment_status":"closed","ping_status":"closed","template":"","meta":{"_et_pb_use_builder":"on","_et_pb_old_content":"","_et_gb_content_width":"","footnotes":""},"class_list":["post-282035","page","type-page","status-publish","hentry"],"_links":{"self":[{"href":"https:\/\/oromo.eu\/hr\/wp-json\/wp\/v2\/pages\/282035","targetHints":{"allow":["GET"]}}],"collection":[{"href":"https:\/\/oromo.eu\/hr\/wp-json\/wp\/v2\/pages"}],"about":[{"href":"https:\/\/oromo.eu\/hr\/wp-json\/wp\/v2\/types\/page"}],"author":[{"embeddable":true,"href":"https:\/\/oromo.eu\/hr\/wp-json\/wp\/v2\/users\/1"}],"replies":[{"embeddable":true,"href":"https:\/\/oromo.eu\/hr\/wp-json\/wp\/v2\/comments?post=282035"}],"version-history":[{"count":10,"href":"https:\/\/oromo.eu\/hr\/wp-json\/wp\/v2\/pages\/282035\/revisions"}],"predecessor-version":[{"id":282367,"href":"https:\/\/oromo.eu\/hr\/wp-json\/wp\/v2\/pages\/282035\/revisions\/282367"}],"wp:attachment":[{"href":"https:\/\/oromo.eu\/hr\/wp-json\/wp\/v2\/media?parent=282035"}],"curies":[{"name":"wp","href":"https:\/\/api.w.org\/{rel}","templated":true}]}}