{"id":282028,"date":"2024-10-19T17:18:34","date_gmt":"2024-10-19T15:18:34","guid":{"rendered":"https:\/\/oromo.eu\/product\/bakeup\/"},"modified":"2026-04-09T14:00:17","modified_gmt":"2026-04-09T12:00:17","slug":"bakeup","status":"publish","type":"product","link":"https:\/\/oromo.eu\/hr\/proizvod\/bakeup\/","title":{"rendered":"BakeUp"},"content":{"rendered":"<p>[et_pb_section fb_built=&#8221;1&#8243; _builder_version=&#8221;4.27.4&#8243; _module_preset=&#8221;default&#8221; background_color=&#8221;#ededed&#8221; module_alignment=&#8221;center&#8221; custom_margin=&#8221;||||false|false&#8221; custom_padding=&#8221;||35px||false|false&#8221; locked=&#8221;off&#8221; collapsed=&#8221;off&#8221; global_colors_info=&#8221;{}&#8221;][et_pb_row _builder_version=&#8221;4.16&#8243; background_size=&#8221;initial&#8221; background_position=&#8221;top_left&#8221; background_repeat=&#8221;repeat&#8221; width=&#8221;100%&#8221; custom_padding=&#8221;0px||0px||false|false&#8221; global_colors_info=&#8221;{}&#8221;][et_pb_column type=&#8221;4_4&#8243; _builder_version=&#8221;4.16&#8243; custom_padding=&#8221;|||&#8221; global_colors_info=&#8221;{}&#8221; custom_padding__hover=&#8221;|||&#8221;][et_pb_wc_cart_notice _builder_version=&#8221;4.27.4&#8243; background_color=&#8221;#3E3E3E&#8221; border_radii=&#8221;on|6px|6px|6px|6px&#8221; global_colors_info=&#8221;{}&#8221;][\/et_pb_wc_cart_notice][\/et_pb_column][\/et_pb_row][et_pb_row column_structure=&#8221;1_2,1_2&#8243; make_equal=&#8221;on&#8221; _builder_version=&#8221;4.27.4&#8243; _module_preset=&#8221;default&#8221; width=&#8221;86%&#8221; max_width=&#8221;1600px&#8221; global_colors_info=&#8221;{}&#8221;][et_pb_column type=&#8221;1_2&#8243; _builder_version=&#8221;4.27.4&#8243; _module_preset=&#8221;default&#8221; global_colors_info=&#8221;{}&#8221;][et_pb_wc_images force_fullwidth=&#8221;on&#8221; _builder_version=&#8221;4.27.4&#8243; border_radii_image=&#8221;on|16px|16px|16px|16px&#8221; global_colors_info=&#8221;{}&#8221;][\/et_pb_wc_images][\/et_pb_column][et_pb_column type=&#8221;1_2&#8243; _builder_version=&#8221;4.27.4&#8243; _module_preset=&#8221;default&#8221; global_colors_info=&#8221;{}&#8221;][et_pb_wc_title _builder_version=&#8221;4.27.4&#8243; header_font=&#8221;&#8211;et_global_heading_font|800|||||||&#8221; header_font_size=&#8221;56px&#8221; custom_margin=&#8221;||1.25rem||false|false&#8221; header_font_size_tablet=&#8221;40px&#8221; header_font_size_phone=&#8221;36px&#8221; header_font_size_last_edited=&#8221;on|phone&#8221; global_colors_info=&#8221;{}&#8221;][\/et_pb_wc_title][et_pb_wc_rating _builder_version=&#8221;4.27.4&#8243; rating_text_color=&#8221;#E09900&#8243; body_text_color=&#8221;#6B6B6B&#8221; custom_margin=&#8221;0em|0em|1em|0em|false|false&#8221; global_colors_info=&#8221;{}&#8221;][\/et_pb_wc_rating][et_pb_wc_price _builder_version=&#8221;4.27.4&#8243; body_font=&#8221;&#8211;et_global_heading_font|700|||||||&#8221; body_font_size=&#8221;28px&#8221; global_colors_info=&#8221;{}&#8221;][\/et_pb_wc_price][et_pb_wc_description _builder_version=&#8221;4.27.4&#8243; body_font_size=&#8221;18px&#8221; body_line_height=&#8221;1.6em&#8221; custom_margin=&#8221;||25px|||&#8221; global_colors_info=&#8221;{}&#8221;][\/et_pb_wc_description][et_pb_text _builder_version=&#8221;4.27.4&#8243; _module_preset=&#8221;default&#8221; text_font=&#8221;&#8211;et_global_heading_font|700|||||||&#8221; text_text_color=&#8221;#3E3E3E&#8221; text_font_size=&#8221;21px&#8221; text_line_height=&#8221;1.6em&#8221; header_font=&#8221;&#8211;et_global_heading_font|900||on|||||&#8221; header_text_color=&#8221;#9D632E&#8221; header_font_size=&#8221;22px&#8221; header_letter_spacing=&#8221;2px&#8221; header_2_font=&#8221;&#8211;et_global_heading_font|900|||||||&#8221; header_2_font_size=&#8221;60px&#8221; header_2_line_height=&#8221;1.1em&#8221; module_alignment=&#8221;left&#8221; custom_margin=&#8221;||30px|||&#8221; global_colors_info=&#8221;{}&#8221;]<\/p>\n<p>Koristite mnogo puta, dobijte savr\u0161eno pe\u010denu ribu svaki put.<\/p>\n<p>[\/et_pb_text][et_pb_text _builder_version=&#8221;4.27.4&#8243; _module_preset=&#8221;default&#8221; custom_margin=&#8221;||1rem||false|false&#8221; custom_padding=&#8221;||0px||false|false&#8221; global_colors_info=&#8221;{}&#8221;]<\/p>\n<p>Dizajn: Valeria Salvo<\/p>\n<p>[\/et_pb_text][et_pb_image src=&#8221;https:\/\/oromo.eu\/wp-content\/uploads\/2024\/12\/designed-made-in-italy.png&#8221; title_text=&#8221;dizajnirano-proizvedeno-u-italiji&#8221; _builder_version=&#8221;4.27.4&#8243; _module_preset=&#8221;default&#8221; max_width=&#8221;300px&#8221; global_colors_info=&#8221;{}&#8221;][\/et_pb_image][et_pb_text _builder_version=&#8221;4.27.4&#8243; _module_preset=&#8221;default&#8221; header_4_font=&#8221;&#8211;et_global_heading_font|700||on|||||&#8221; header_4_text_color=&#8221;#3E3E3E&#8221; header_4_font_size=&#8221;16px&#8221; custom_margin=&#8221;||20px||false|false&#8221; custom_padding=&#8221;||0px||false|false&#8221; global_colors_info=&#8221;{}&#8221;]<\/p>\n<h4 style=\"margin-bottom:0;padding-bottom:0;\">Odaberite boju proizvoda:<\/h4>\n<p>[\/et_pb_text][et_pb_wc_add_to_cart _builder_version=&#8221;4.27.4&#8243; fields_background_color=&#8221;#FFFFFF&#8221; dropdown_menus_background_color=&#8221;#FFFFFF&#8221; dropdown_menus_font_size=&#8221;16px&#8221; background_enable_color=&#8221;off&#8221; custom_button=&#8221;on&#8221; button_text_size=&#8221;16px&#8221; button_text_color=&#8221;#FFFFFF&#8221; button_bg_color=&#8221;#9D632E&#8221; button_font=&#8221;&#8211;et_global_heading_font|700||on|||||&#8221; button_icon=&#8221;&#x4c;||divi||400&#8243; button_on_hover=&#8221;off&#8221; button_custom_padding=&#8221;14px|44px|14px|35px|true|false&#8221; max_width=&#8221;400px&#8221; global_colors_info=&#8221;{}&#8221;][\/et_pb_wc_add_to_cart][\/et_pb_column][\/et_pb_row][\/et_pb_section][et_pb_section fb_built=&#8221;1&#8243; _builder_version=&#8221;4.27.4&#8243; _module_preset=&#8221;default&#8221; background_color=&#8221;#ededed&#8221; custom_margin=&#8221;||||false|false&#8221; custom_padding=&#8221;0px||150px||false|false&#8221; locked=&#8221;off&#8221; collapsed=&#8221;off&#8221; global_colors_info=&#8221;{}&#8221;][et_pb_row column_structure=&#8221;1_2,1_2&#8243; custom_padding_last_edited=&#8221;on|phone&#8221; _builder_version=&#8221;4.27.4&#8243; _module_preset=&#8221;default&#8221; background_color=&#8221;#FFFFFF&#8221; width=&#8221;96%&#8221; max_width=&#8221;1400px&#8221; module_alignment=&#8221;center&#8221; custom_margin=&#8221;||45px||false|false&#8221; custom_margin_tablet=&#8221;||||false|false&#8221; custom_margin_phone=&#8221;||75px||false|false&#8221; custom_margin_last_edited=&#8221;off|tablet&#8221; custom_padding=&#8221;50px|50px|50px|50px|true|true&#8221; custom_padding_tablet=&#8221;30px|30px|30px|30px|true|true&#8221; custom_padding_phone=&#8221;30px|30px|30px|30px|true|true&#8221; custom_css_main_element=&#8221;align-items: center;&#8221; border_radii=&#8221;on|16px|16px|16px|16px&#8221; box_shadow_style=&#8221;preset3&#8243; box_shadow_color=&#8221;rgba(0,0,0,0.1)&#8221; global_colors_info=&#8221;{}&#8221;][et_pb_column type=&#8221;1_2&#8243; _builder_version=&#8221;4.27.4&#8243; _module_preset=&#8221;default&#8221; global_colors_info=&#8221;{}&#8221;][df_adh_heading title_prefix=&#8221;BakeUp&#8221; title_prefix_block=&#8221;block&#8221; title_infix=&#8221;Specifikacije&#8221; title_infix_block=&#8221;block&#8221; _builder_version=&#8221;4.27.4&#8243; _module_preset=&#8221;default&#8221; title_font=&#8221;||||||||&#8221; title_text_align=&#8221;left&#8221; t_prefix_font=&#8221;|||on|||||&#8221; t_prefix_text_color=&#8221;#8F8F8F&#8221; t_prefix_font_size=&#8221;16px&#8221; t_prefix_letter_spacing=&#8221;2px&#8221; t_prefix_line_height=&#8221;1.01em&#8221; t_infix_font=&#8221;|800|||||||&#8221; t_infix_font_size=&#8221;56px&#8221; t_infix_line_height=&#8221;1.01em&#8221; t_infix_font_size_tablet=&#8221;40px&#8221; t_infix_font_size_phone=&#8221;30px&#8221; t_infix_font_size_last_edited=&#8221;on|phone&#8221; global_colors_info=&#8221;{}&#8221;][\/df_adh_heading][difl_iconlist list_item_icon_color=&#8221;#006d77&#8243; list_item_icon_size=&#8221;20px&#8221; list_item_icon_text_gap=&#8221;15px&#8221; list_item_icon_margin=&#8221;||||false|false&#8221; list_item_icon_padding=&#8221;||||false|false&#8221; list_item_icon_wrapper_margin=&#8221;||||false|false&#8221; list_item_icon_wrapper_padding=&#8221;||||false|false&#8221; list_item_title_margin=&#8221;||||false|false&#8221; list_item_title_padding=&#8221;0px|0px|0px|0px|true|true&#8221; list_item_content_padding=&#8221;0px|0px|0px|0px|true|true&#8221; list_item_wrapper_margin=&#8221;0px|0px|0px|0px|true|true&#8221; list_item_wrapper_padding=&#8221;0px|0px|0px|0px|false|true&#8221; list_item_icon_text_gap_tablet=&#8221;15px&#8221; list_item_icon_text_gap_phone=&#8221;10px&#8221; list_item_icon_text_gap_last_edited=&#8221;on|phone&#8221; list_item_icon_padding_phone=&#8221;4px||||false|false&#8221; list_item_icon_padding_last_edited=&#8221;off|desktop&#8221; list_item_wrapper_padding_tablet=&#8221;0px|0px|0px|0px|false|true&#8221; list_item_wrapper_padding_phone=&#8221;||0px||false|true&#8221; list_item_wrapper_padding_last_edited=&#8221;on|tablet&#8221; _builder_version=&#8221;4.27.4&#8243; _module_preset=&#8221;default&#8221; child_title_text_font=&#8221;&#8211;et_global_heading_font|500|||||||&#8221; child_title_text_text_color=&#8221;#3E3E3E&#8221; child_title_text_line_height=&#8221;1.5em&#8221; custom_margin_tablet=&#8221;||25px||false|false&#8221; custom_margin_phone=&#8221;||25px||false|false&#8221; custom_margin_last_edited=&#8221;off|desktop&#8221; child_title_text_font_size_tablet=&#8221;17px&#8221; child_title_text_font_size_phone=&#8221;15px&#8221; child_title_text_font_size_last_edited=&#8221;on|desktop&#8221; global_colors_info=&#8221;{}&#8221; list_item_icon_color__hover_enabled=&#8221;on|desktop&#8221; list_item_icon_color__hover=&#8221;#fdb65c&#8221; child_title_text_text_color__hover_enabled=&#8221;on|desktop&#8221; child_title_text_text_color__hover=&#8221;#FDB65C&#8221;][difl_iconlistitem list_item_title=&#8221;Izra\u0111eno od silikona prehrambene kvalitete \u2013 o\u010dvr\u0161\u0107en platinom (u skladu s FDA, EC1935\/2004 propisima)&#8221; list_item_icon=&#8221;&#x5a;||divi||400&#8243; list_item_icon_placement=&#8221;row&#8221; list_item_icon_vertical_placement=&#8221;flex-start&#8221; list_item_icon_margin=&#8221;||||false|false&#8221; list_item_icon_padding=&#8221;6px||||false|false&#8221; list_item_icon_wrapper_margin=&#8221;||||false|false&#8221; list_item_wrapper_margin=&#8221;||||false|false&#8221; list_item_icon_vertical_placement_tablet=&#8221;flex-start&#8221; list_item_icon_vertical_placement_phone=&#8221;flex-start&#8221; list_item_icon_vertical_placement_last_edited=&#8221;on|tablet&#8221; list_item_icon_padding_tablet=&#8221;6px||||false|false&#8221; list_item_icon_padding_phone=&#8221;6px||||false|false&#8221; list_item_icon_padding_last_edited=&#8221;on|phone&#8221; _builder_version=&#8221;4.27.4&#8243; custom_margin=&#8221;||10px||false|false&#8221; global_colors_info=&#8221;{}&#8221;][\/difl_iconlistitem][difl_iconlistitem list_item_title=&#8221;Otporan na visoke temperature do 200\u00b0C (390\u00b0F)&#8221; list_item_icon=&#8221;&#x5a;||divi||400&#8243; list_item_icon_placement=&#8221;row&#8221; list_item_icon_vertical_placement=&#8221;center&#8221; list_item_icon_margin=&#8221;||||false|false&#8221; list_item_icon_wrapper_margin=&#8221;||||false|false&#8221; list_item_wrapper_margin=&#8221;||||false|false&#8221; list_item_icon_vertical_placement_tablet=&#8221;center&#8221; list_item_icon_vertical_placement_phone=&#8221;flex-start&#8221; list_item_icon_vertical_placement_last_edited=&#8221;on|desktop&#8221; _builder_version=&#8221;4.27.4&#8243; custom_margin=&#8221;||10px||false|false&#8221; global_colors_info=&#8221;{}&#8221;][\/difl_iconlistitem][difl_iconlistitem list_item_title=&#8221;Boje sigurne za prehrambene proizvode (u skladu s FDA, Bfr, EC1935\/2004 propisima)&#8221; list_item_icon=&#8221;&#x5a;||divi||400&#8243; list_item_icon_placement=&#8221;row&#8221; list_item_icon_vertical_placement=&#8221;flex-start&#8221; list_item_icon_margin=&#8221;||||false|false&#8221; list_item_icon_padding=&#8221;6px||||false|false&#8221; list_item_icon_wrapper_margin=&#8221;||||false|false&#8221; list_item_wrapper_margin=&#8221;||||false|false&#8221; list_item_icon_vertical_placement_tablet=&#8221;flex-start&#8221; list_item_icon_vertical_placement_phone=&#8221;flex-start&#8221; list_item_icon_vertical_placement_last_edited=&#8221;on|tablet&#8221; list_item_icon_padding_tablet=&#8221;6px||||false|false&#8221; list_item_icon_padding_phone=&#8221;6px||||false|false&#8221; list_item_icon_padding_last_edited=&#8221;on|phone&#8221; _builder_version=&#8221;4.27.4&#8243; custom_margin=&#8221;||10px||false|false&#8221; global_colors_info=&#8221;{}&#8221;][\/difl_iconlistitem][difl_iconlistitem list_item_title=&#8221;Prikladan za perilicu posu\u0111a&#8221; list_item_icon=&#8221;&#x5a;||divi||400&#8243; list_item_icon_placement=&#8221;row&#8221; list_item_icon_vertical_placement=&#8221;center&#8221; list_item_icon_margin=&#8221;||||false|false&#8221; list_item_icon_wrapper_margin=&#8221;||||false|false&#8221; list_item_wrapper_margin=&#8221;||||false|false&#8221; list_item_icon_vertical_placement_tablet=&#8221;center&#8221; list_item_icon_vertical_placement_phone=&#8221;flex-start&#8221; list_item_icon_vertical_placement_last_edited=&#8221;on|desktop&#8221; _builder_version=&#8221;4.27.4&#8243; custom_margin=&#8221;||10px||false|false&#8221; global_colors_info=&#8221;{}&#8221;][\/difl_iconlistitem][difl_iconlistitem list_item_title=&#8221;Bez BPA&#8221; list_item_icon=&#8221;&#x5a;||divi||400&#8243; list_item_icon_placement=&#8221;row&#8221; list_item_icon_vertical_placement=&#8221;center&#8221; list_item_icon_vertical_placement_tablet=&#8221;center&#8221; list_item_icon_vertical_placement_phone=&#8221;flex-start&#8221; list_item_icon_vertical_placement_last_edited=&#8221;on|desktop&#8221; _builder_version=&#8221;4.27.4&#8243; custom_margin=&#8221;||0px||false|false&#8221; global_colors_info=&#8221;{}&#8221;][\/difl_iconlistitem][difl_iconlistitem list_item_title=&#8221;Duljina: 107,5 mm, \u0161irina: 44,5 mm, visina: 63,5 mm, te\u017eina: 62 g&#8221; list_item_icon=&#8221;&#x5a;||divi||400&#8243; list_item_icon_placement=&#8221;row&#8221; list_item_icon_vertical_placement=&#8221;flex-start&#8221; list_item_icon_margin=&#8221;||||false|false&#8221; list_item_icon_padding=&#8221;6px||||false|false&#8221; list_item_icon_wrapper_margin=&#8221;||||false|false&#8221; list_item_wrapper_margin=&#8221;||||false|false&#8221; list_item_icon_vertical_placement_tablet=&#8221;flex-start&#8221; list_item_icon_vertical_placement_phone=&#8221;flex-start&#8221; list_item_icon_vertical_placement_last_edited=&#8221;on|tablet&#8221; list_item_icon_padding_tablet=&#8221;6px||||false|false&#8221; list_item_icon_padding_phone=&#8221;6px||||false|false&#8221; list_item_icon_padding_last_edited=&#8221;on|phone&#8221; _builder_version=&#8221;4.27.4&#8243; custom_margin=&#8221;||10px||false|false&#8221; global_colors_info=&#8221;{}&#8221;][\/difl_iconlistitem][\/difl_iconlist][\/et_pb_column][et_pb_column type=&#8221;1_2&#8243; _builder_version=&#8221;4.27.4&#8243; _module_preset=&#8221;default&#8221; background_enable_image=&#8221;off&#8221; global_colors_info=&#8221;{}&#8221;][df_adh_heading title_prefix=&#8221;BakeUp&#8221; title_prefix_block=&#8221;block&#8221; title_infix=&#8221;Dizajner&#8221; title_infix_block=&#8221;block&#8221; _builder_version=&#8221;4.27.4&#8243; _module_preset=&#8221;default&#8221; title_font=&#8221;||||||||&#8221; title_text_align=&#8221;left&#8221; t_prefix_font=&#8221;|||on|||||&#8221; t_prefix_text_color=&#8221;#8F8F8F&#8221; t_prefix_font_size=&#8221;16px&#8221; t_prefix_letter_spacing=&#8221;2px&#8221; t_prefix_line_height=&#8221;1.01em&#8221; t_infix_font=&#8221;|800|||||||&#8221; t_infix_font_size=&#8221;56px&#8221; t_infix_line_height=&#8221;1.01em&#8221; t_infix_font_size_tablet=&#8221;40px&#8221; t_infix_font_size_phone=&#8221;30px&#8221; t_infix_font_size_last_edited=&#8221;on|phone&#8221; global_colors_info=&#8221;{}&#8221;][\/df_adh_heading][et_pb_testimonial author=&#8221;Valeria Salvo (www.valeriasalvo.com)&#8221; job_title=&#8221;dizajnerica proizvoda za BakeUp&#8221; url=&#8221;https:\/\/www.valeriasalvo.com&#8221; url_new_window=&#8221;on&#8221; portrait_url=&#8221;https:\/\/oromo.eu\/wp-content\/uploads\/2025\/02\/oromo-designer-1.png&#8221; quote_icon=&#8221;off&#8221; portrait_width=&#8221;100px&#8221; portrait_height=&#8221;215px&#8221; _builder_version=&#8221;4.27.4&#8243; _module_preset=&#8221;default&#8221; background_color=&#8221;#ededed&#8221; custom_css_free_form=&#8221;.et-db #et-boc .et-l .et_pb_testimonial_portrait::before {||  -webkit-box-shadow: none;||  box-shadow: none;||}&#8221; border_radii=&#8221;on|16px|16px|16px|16px&#8221; border_radii_portrait=&#8221;on|0px|0px|0px|0px&#8221; border_color_all_portrait=&#8221;RGBA(255,255,255,0)&#8221; global_colors_info=&#8221;{}&#8221;]<\/p>\n<p>Ikoni\u010dan i ergonomski oblik \u010damca inspirirao me da dizajniram BakeUp. \u017deljela sam koristiti oblike koji pri\u010daju pri\u010du o vezi izme\u0111u ljudi, mora i bi\u0107a koja \u017eive u moru. Kad pogledam BakeUp, upravo to vidim: pri\u010du o ljudima koja traje tisu\u0107lje\u0107ima.  <\/p>\n<p>[\/et_pb_testimonial][\/et_pb_column][\/et_pb_row][et_pb_row _builder_version=&#8221;4.27.4&#8243; _module_preset=&#8221;default&#8221; global_colors_info=&#8221;{}&#8221;][et_pb_column type=&#8221;4_4&#8243; _builder_version=&#8221;4.27.4&#8243; _module_preset=&#8221;default&#8221; global_colors_info=&#8221;{}&#8221;][df_adh_heading title_prefix=&#8221;JE LI JEDNOSTAVNO KORISTITI BAKEUP?&#8221; title_prefix_block=&#8221;block&#8221; title_infix=&#8221;Pogledaj video&#8221; title_infix_block=&#8221;block&#8221; heading_margin=&#8221;||50px||false|false&#8221; _builder_version=&#8221;4.27.4&#8243; _module_preset=&#8221;default&#8221; title_text_align=&#8221;center&#8221; t_prefix_font=&#8221;|||on|||||&#8221; t_prefix_text_color=&#8221;#8F8F8F&#8221; t_prefix_font_size=&#8221;16px&#8221; t_prefix_letter_spacing=&#8221;2px&#8221; t_prefix_line_height=&#8221;1.01em&#8221; t_infix_font=&#8221;|800|||||||&#8221; t_infix_font_size=&#8221;56px&#8221; t_infix_letter_spacing=&#8221;-0.03em&#8221; t_infix_line_height=&#8221;1.15em&#8221; t_suffix_text_color=&#8221;#9D632E&#8221; t_suffix_font_size=&#8221;28px&#8221; t_suffix_line_height=&#8221;1.35em&#8221; t_infix_font_size_tablet=&#8221;40px&#8221; t_infix_font_size_phone=&#8221;40px&#8221; t_infix_font_size_last_edited=&#8221;on|tablet&#8221; locked=&#8221;off&#8221; global_colors_info=&#8221;{}&#8221;][\/df_adh_heading][ba_video_popup image=&#8221;https:\/\/oromo.eu\/wp-content\/uploads\/2025\/10\/oromo-video.png&#8221; icon=&#8221;5&#8243; video_link=&#8221;https:\/\/www.youtube.com\/watch?v=sEgD6-n6Pf8&#8243; img_height=&#8221;500px&#8221; icon_color=&#8221;#FFFFFF&#8221; image_bg_color=&#8221;rgba(157,99,46,0.4)&#8221; _builder_version=&#8221;4.27.4&#8243; _module_preset=&#8221;default&#8221; width=&#8221;100%&#8221; max_width=&#8221;900px&#8221; module_alignment=&#8221;center&#8221; border_radii=&#8221;on|9px|9px|9px|9px&#8221; box_shadow_style=&#8221;preset1&#8243; box_shadow_color=&#8221;rgba(0,0,0,0.2)&#8221; global_colors_info=&#8221;{}&#8221; theme_builder_area=&#8221;post_content&#8221;][\/ba_video_popup][\/et_pb_column][\/et_pb_row][et_pb_row column_structure=&#8221;2_5,3_5&#8243; custom_padding_last_edited=&#8221;on|phone&#8221; _builder_version=&#8221;4.27.4&#8243; _module_preset=&#8221;default&#8221; background_color=&#8221;#FFFFFF&#8221; width=&#8221;96%&#8221; max_width=&#8221;1400px&#8221; module_alignment=&#8221;center&#8221; custom_margin=&#8221;||45px||false|false&#8221; custom_padding=&#8221;50px|50px|50px|50px|true|true&#8221; custom_padding_tablet=&#8221;30px|30px|30px|30px|true|true&#8221; custom_padding_phone=&#8221;30px|30px|30px|30px|true|true&#8221; custom_css_main_element=&#8221;align-items: center;&#8221; border_radii=&#8221;on|16px|16px|16px|16px&#8221; locked=&#8221;off&#8221; global_colors_info=&#8221;{}&#8221;][et_pb_column type=&#8221;2_5&#8243; _builder_version=&#8221;4.27.4&#8243; _module_preset=&#8221;default&#8221; global_colors_info=&#8221;{}&#8221;][df_adh_heading title_prefix=&#8221;Iskrene&#8221; title_prefix_block=&#8221;block&#8221; title_infix=&#8221;Recenzije&#8221; title_infix_block=&#8221;block&#8221; _builder_version=&#8221;4.27.4&#8243; _module_preset=&#8221;default&#8221; title_font=&#8221;||||||||&#8221; title_text_align=&#8221;left&#8221; t_prefix_font=&#8221;|||on|||||&#8221; t_prefix_text_color=&#8221;#8F8F8F&#8221; t_prefix_font_size=&#8221;16px&#8221; t_prefix_letter_spacing=&#8221;2px&#8221; t_prefix_line_height=&#8221;1.01em&#8221; t_infix_font=&#8221;|800|||||||&#8221; t_infix_font_size=&#8221;56px&#8221; t_infix_line_height=&#8221;1.01em&#8221; t_infix_font_size_tablet=&#8221;40px&#8221; t_infix_font_size_phone=&#8221;30px&#8221; t_infix_font_size_last_edited=&#8221;on|phone&#8221; global_colors_info=&#8221;{}&#8221;][\/df_adh_heading][et_pb_text _builder_version=&#8221;4.27.4&#8243; _module_preset=&#8221;default&#8221; global_colors_info=&#8221;{}&#8221;]Samo verificirani kupci mogu ostaviti recenziju proizvoda kako bismo osigurali da recenziju dijele stvarni ljudi koji su zaista koristili proizvod.[\/et_pb_text][\/et_pb_column][et_pb_column type=&#8221;3_5&#8243; _builder_version=&#8221;4.27.4&#8243; _module_preset=&#8221;default&#8221; global_colors_info=&#8221;{}&#8221;][et_pb_wc_reviews show_count=&#8221;off&#8221; show_meta=&#8221;off&#8221; _builder_version=&#8221;4.27.4&#8243; _module_preset=&#8221;default&#8221; form_field_background_color=&#8221;#eeeeee&#8221; form_field_text_color=&#8221;#3E3E3E&#8221; form_field_focus_text_color=&#8221;#000000&#8243; title_font=&#8221;|700||on|||||&#8221; title_line_height=&#8221;2.6em&#8221; rating_text_align=&#8221;left&#8221; rating_text_color=&#8221;#E09900&#8243; rating_font_size=&#8221;30px&#8221; custom_css_free_form=&#8221;.comment-form-rating label {||  text-transform: uppercase;||  font-size: 14px;||  display: block;||  margin-bottom: 0.25rem;||}&#8221; custom_css_new_title=&#8221;margin-bottom: 2rem;&#8221; border_radii_fields=&#8221;on|0px|0px|0px|0px&#8221; border_width_all_fields=&#8221;1px&#8221; border_color_all_fields=&#8221;#D6D6D6&#8243; global_colors_info=&#8221;{}&#8221;][\/et_pb_wc_reviews][\/et_pb_column][\/et_pb_row][\/et_pb_section]<\/p>\n","protected":false},"excerpt":{"rendered":"<p><strong>Jedan, ali vrijedan<\/strong><br \/>\nOromo BakeUp &#8211; okre\u0107e svijet pe\u010denja ribe naopa\u010dke<\/p>\n","protected":false},"featured_media":282022,"comment_status":"open","ping_status":"closed","template":"","meta":{"_et_pb_use_builder":"on","_et_pb_old_content":"BakeUp \u0107e ravnomjerno ispe\u0107i va\u0161u ribu sa svih strana s koricom poput ro\u0161tilja i aromatizirati je iznutra. Nema potrebe okretati ribu tijekom pe\u010denja - kad je riba u pe\u0107nici, imate 30 minuta za sebe. ","_et_gb_content_width":""},"product_brand":[],"product_cat":[36],"product_tag":[],"class_list":{"0":"post-282028","1":"product","2":"type-product","3":"status-publish","4":"has-post-thumbnail","6":"product_cat-bakeup","8":"first","9":"instock","10":"taxable","11":"shipping-taxable","12":"purchasable","13":"product-type-variable"},"_links":{"self":[{"href":"https:\/\/oromo.eu\/hr\/wp-json\/wp\/v2\/product\/282028","targetHints":{"allow":["GET"]}}],"collection":[{"href":"https:\/\/oromo.eu\/hr\/wp-json\/wp\/v2\/product"}],"about":[{"href":"https:\/\/oromo.eu\/hr\/wp-json\/wp\/v2\/types\/product"}],"replies":[{"embeddable":true,"href":"https:\/\/oromo.eu\/hr\/wp-json\/wp\/v2\/comments?post=282028"}],"wp:featuredmedia":[{"embeddable":true,"href":"https:\/\/oromo.eu\/hr\/wp-json\/wp\/v2\/media\/282022"}],"wp:attachment":[{"href":"https:\/\/oromo.eu\/hr\/wp-json\/wp\/v2\/media?parent=282028"}],"wp:term":[{"taxonomy":"product_brand","embeddable":true,"href":"https:\/\/oromo.eu\/hr\/wp-json\/wp\/v2\/product_brand?post=282028"},{"taxonomy":"product_cat","embeddable":true,"href":"https:\/\/oromo.eu\/hr\/wp-json\/wp\/v2\/product_cat?post=282028"},{"taxonomy":"product_tag","embeddable":true,"href":"https:\/\/oromo.eu\/hr\/wp-json\/wp\/v2\/product_tag?post=282028"}],"curies":[{"name":"wp","href":"https:\/\/api.w.org\/{rel}","templated":true}]}}